{"id":453,"date":"2021-08-06T06:02:13","date_gmt":"2021-08-06T06:02:13","guid":{"rendered":"https:\/\/smartdata.tonytemplates.com\/cleaning-service-v3\/?page_id=453"},"modified":"2023-02-21T12:22:29","modified_gmt":"2023-02-21T12:22:29","slug":"kontakt","status":"publish","type":"page","link":"https:\/\/james-services.hr\/en\/kontakt\/","title":{"rendered":"Contact"},"content":{"rendered":"<div data-elementor-type=\"wp-page\" data-elementor-id=\"453\" class=\"elementor elementor-453\" data-elementor-post-type=\"page\">\n\t\t\t\t\t\t<section class=\"elementor-section elementor-top-section elementor-element elementor-element-85f924c elementor-section-full_width elementor-section-height-default elementor-section-height-default\" data-id=\"85f924c\" data-element_type=\"section\">\n\t\t\t\t\t\t<div class=\"elementor-container elementor-column-gap-default\">\n\t\t\t\t\t<div class=\"elementor-column elementor-col-100 elementor-top-column elementor-element elementor-element-f9ab188\" data-id=\"f9ab188\" data-element_type=\"column\">\n\t\t\t<div class=\"elementor-widget-wrap elementor-element-populated\">\n\t\t\t\t\t\t<div class=\"elementor-element elementor-element-4b9a666 elementor-widget__width-inherit elementor-widget elementor-widget-text-editor\" data-id=\"4b9a666\" data-element_type=\"widget\" data-widget_type=\"text-editor.default\">\n\t\t\t\t<div class=\"elementor-widget-container\">\n\t\t\t\t\t\t\t\t\t<h4 class=\"text-center h-decor\">James Services<\/h4>\t\t\t\t\t\t\t\t<\/div>\n\t\t\t\t<\/div>\n\t\t\t\t\t<\/div>\n\t\t<\/div>\n\t\t\t\t\t<\/div>\n\t\t<\/section>\n\t\t\t\t<section class=\"elementor-section elementor-top-section elementor-element elementor-element-58de236 elementor-section-boxed elementor-section-height-default elementor-section-height-default\" data-id=\"58de236\" data-element_type=\"section\">\n\t\t\t\t\t\t<div class=\"elementor-container elementor-column-gap-default\">\n\t\t\t\t\t<div class=\"elementor-column elementor-col-50 elementor-top-column elementor-element elementor-element-547836d\" data-id=\"547836d\" data-element_type=\"column\">\n\t\t\t<div class=\"elementor-widget-wrap elementor-element-populated\">\n\t\t\t\t\t\t<div class=\"elementor-element elementor-element-aafa8a8 elementor-widget elementor-widget-cleaning_contact_info\" data-id=\"aafa8a8\" data-element_type=\"widget\" data-widget_type=\"cleaning_contact_info.default\">\n\t\t\t\t<div class=\"elementor-widget-container\">\n\t\t\t\t\t \n    <h2>Main information<\/h2>\n    <div id=\"cleaning_contact_box-1\" class=\"widget widget_cleaning_contact_box\">\n        <h4><\/h4>\n        <div class=\"col-md-12\">\n             \n                <div class=\"contact-info-sm\">\n                    <h5>Headquarters<\/h5>\n                    <i aria-hidden=\"true\" class=\"icon  icon-location\"><\/i>Dravska ulica 79b <br\/>\nTrnovec Bartolove\u010dki                <\/div> \n                 \n                <div class=\"contact-info-sm\">\n                    <h5>We provide services in the area:<\/h5>\n                    <i aria-hidden=\"true\" class=\"icon far fa-map\"><\/i>City of Zagreb\n<br\/>City of Vara\u017edin\n<br\/> Istria                <\/div> \n                            <div class=\"divider\"><\/div>\n            <h5><\/h5>\n            <ul class=\"social-list\">\n             \n                <li><a href=\"#\"   >\n                                <\/a><\/li>\n                 \n                <li><a href=\"#\"   >\n                                <\/a><\/li>\n                            <\/ul>\n        <\/div>\n    <\/div>\n\t\t\t\t<\/div>\n\t\t\t\t<\/div>\n\t\t\t\t\t<\/div>\n\t\t<\/div>\n\t\t\t\t<div class=\"elementor-column elementor-col-50 elementor-top-column elementor-element elementor-element-a1ba8ec\" data-id=\"a1ba8ec\" data-element_type=\"column\">\n\t\t\t<div class=\"elementor-widget-wrap elementor-element-populated\">\n\t\t\t\t\t\t<div class=\"elementor-element elementor-element-93d8785 elementor-widget elementor-widget-cleaning_contact_info\" data-id=\"93d8785\" data-element_type=\"widget\" data-widget_type=\"cleaning_contact_info.default\">\n\t\t\t\t<div class=\"elementor-widget-container\">\n\t\t\t\t\t \n    <h2>Contact<\/h2>\n    <div id=\"cleaning_contact_box-1\" class=\"widget widget_cleaning_contact_box\">\n        <h4><\/h4>\n        <div class=\"col-md-12\">\n             \n                <div class=\"contact-info-sm\">\n                    <h5>Phone 24\/7<\/h5>\n                    <i aria-hidden=\"true\" class=\"icon fas fa-mobile-alt\"><\/i>+385 91 616 5245\n<br\/>+385 91 616 5246                <\/div> \n                 \n                <div class=\"contact-info-sm\">\n                    <h5>Email<\/h5>\n                    <i aria-hidden=\"true\" class=\"icon fas fa-mail-bulk\"><\/i>info@james-services.hr                <\/div> \n                            <div class=\"divider\"><\/div>\n            <h5><\/h5>\n            <ul class=\"social-list\">\n             \n                <li><a href=\"#\"   >\n                                <\/a><\/li>\n                 \n                <li><a href=\"#\"   >\n                                <\/a><\/li>\n                            <\/ul>\n        <\/div>\n    <\/div>\n\t\t\t\t<\/div>\n\t\t\t\t<\/div>\n\t\t\t\t\t<\/div>\n\t\t<\/div>\n\t\t\t\t\t<\/div>\n\t\t<\/section>\n\t\t\t\t<section class=\"elementor-section elementor-top-section elementor-element elementor-element-f3c3eee elementor-section-height-min-height elementor-section-stretched elementor-section-boxed elementor-section-height-default elementor-section-items-middle\" data-id=\"f3c3eee\" data-element_type=\"section\" data-settings=\"{&quot;stretch_section&quot;:&quot;section-stretched&quot;}\">\n\t\t\t\t\t\t<div class=\"elementor-container elementor-column-gap-no\">\n\t\t\t\t\t<div class=\"elementor-column elementor-col-100 elementor-top-column elementor-element elementor-element-86e55d9\" data-id=\"86e55d9\" data-element_type=\"column\">\n\t\t\t<div class=\"elementor-widget-wrap elementor-element-populated\">\n\t\t\t\t\t\t<div class=\"elementor-element elementor-element-7727fc0 elementor-widget elementor-widget-google_maps\" data-id=\"7727fc0\" data-element_type=\"widget\" data-widget_type=\"google_maps.default\">\n\t\t\t\t<div class=\"elementor-widget-container\">\n\t\t\t\t\t\t\t<div class=\"elementor-custom-embed\">\n\t\t\t<iframe loading=\"lazy\"\n\t\t\t\t\tsrc=\"https:\/\/maps.google.com\/maps?q=Dravska%20ulica%2079b%2042202%20Trnovec&#038;t=m&#038;z=14&#038;output=embed&#038;iwloc=near\"\n\t\t\t\t\ttitle=\"Dravska ulica 79b 42202 Trnovec\"\n\t\t\t\t\taria-label=\"Dravska ulica 79b 42202 Trnovec\"\n\t\t\t><\/iframe>\n\t\t<\/div>\n\t\t\t\t\t\t<\/div>\n\t\t\t\t<\/div>\n\t\t\t\t\t<\/div>\n\t\t<\/div>\n\t\t\t\t\t<\/div>\n\t\t<\/section>\n\t\t\t\t<\/div>","protected":false},"excerpt":{"rendered":"<p>James Services Glavni podaci Sjedi\u0161te Dravska ulica 79b Trnovec Bartolove\u010dki Usluge obavljamo na podru\u010dju: Grad Zagreb Grad Vara\u017edin Istra Kontakt Mobitel 24\/7 +385 91 616 5245 +385 91 616 5246 Email info@james-services.hr<\/p>","protected":false},"author":1,"featured_media":0,"parent":0,"menu_order":0,"comment_status":"closed","ping_status":"closed","template":"elementor_header_footer","meta":{"footnotes":""},"class_list":["post-453","page","type-page","status-publish","hentry"],"yoast_head":"<!-- This site is optimized with the Yoast SEO plugin v26.4 - https:\/\/yoast.com\/wordpress\/plugins\/seo\/ -->\n<title>Kontakt - James Services<\/title>\n<meta name=\"description\" content=\"Za vas smo dostupni svaki dan od 0\/24h.Mobitel +385 91 616 5245 | +385 91 616 5246. Emai: info@james-services.hr. Grad Zagreb, Grad Vara\u017edin, Istra.\" \/>\n<meta name=\"robots\" content=\"index, follow, max-snippet:-1, max-image-preview:large, max-video-preview:-1\" \/>\n<link rel=\"canonical\" href=\"https:\/\/james-services.hr\/en\/kontakt\/\" \/>\n<meta property=\"og:locale\" content=\"en_US\" \/>\n<meta property=\"og:type\" content=\"article\" \/>\n<meta property=\"og:title\" content=\"Kontakt - James Services\" \/>\n<meta property=\"og:description\" content=\"Za vas smo dostupni svaki dan od 0\/24h.Mobitel +385 91 616 5245 | +385 91 616 5246. Emai: info@james-services.hr. Grad Zagreb, Grad Vara\u017edin, Istra.\" \/>\n<meta property=\"og:url\" content=\"https:\/\/james-services.hr\/en\/kontakt\/\" \/>\n<meta property=\"og:site_name\" content=\"James Services\" \/>\n<meta property=\"article:modified_time\" content=\"2023-02-21T12:22:29+00:00\" \/>\n<meta name=\"twitter:card\" content=\"summary_large_image\" \/>\n<meta name=\"twitter:label1\" content=\"Est. reading time\" \/>\n\t<meta name=\"twitter:data1\" content=\"1 minute\" \/>\n<script type=\"application\/ld+json\" class=\"yoast-schema-graph\">{\"@context\":\"https:\/\/schema.org\",\"@graph\":[{\"@type\":\"WebPage\",\"@id\":\"https:\/\/james-services.hr\/kontakt\/\",\"url\":\"https:\/\/james-services.hr\/kontakt\/\",\"name\":\"Kontakt - James Services\",\"isPartOf\":{\"@id\":\"https:\/\/james-services.hr\/#website\"},\"datePublished\":\"2021-08-06T06:02:13+00:00\",\"dateModified\":\"2023-02-21T12:22:29+00:00\",\"description\":\"Za vas smo dostupni svaki dan od 0\/24h.Mobitel +385 91 616 5245 | +385 91 616 5246. Emai: info@james-services.hr. Grad Zagreb, Grad Vara\u017edin, Istra.\",\"breadcrumb\":{\"@id\":\"https:\/\/james-services.hr\/kontakt\/#breadcrumb\"},\"inLanguage\":\"en-US\",\"potentialAction\":[{\"@type\":\"ReadAction\",\"target\":[\"https:\/\/james-services.hr\/kontakt\/\"]}]},{\"@type\":\"BreadcrumbList\",\"@id\":\"https:\/\/james-services.hr\/kontakt\/#breadcrumb\",\"itemListElement\":[{\"@type\":\"ListItem\",\"position\":1,\"name\":\"Home\",\"item\":\"https:\/\/james-services.hr\/\"},{\"@type\":\"ListItem\",\"position\":2,\"name\":\"Kontakt\"}]},{\"@type\":\"WebSite\",\"@id\":\"https:\/\/james-services.hr\/#website\",\"url\":\"https:\/\/james-services.hr\/\",\"name\":\"James Services\",\"description\":\"James Services\",\"publisher\":{\"@id\":\"https:\/\/james-services.hr\/#organization\"},\"potentialAction\":[{\"@type\":\"SearchAction\",\"target\":{\"@type\":\"EntryPoint\",\"urlTemplate\":\"https:\/\/james-services.hr\/?s={search_term_string}\"},\"query-input\":{\"@type\":\"PropertyValueSpecification\",\"valueRequired\":true,\"valueName\":\"search_term_string\"}}],\"inLanguage\":\"en-US\"},{\"@type\":\"Organization\",\"@id\":\"https:\/\/james-services.hr\/#organization\",\"name\":\"James Services\",\"url\":\"https:\/\/james-services.hr\/\",\"logo\":{\"@type\":\"ImageObject\",\"inLanguage\":\"en-US\",\"@id\":\"https:\/\/james-services.hr\/#\/schema\/logo\/image\/\",\"url\":\"https:\/\/james-services.hr\/wp-content\/uploads\/2023\/01\/Combo-1@300x.png\",\"contentUrl\":\"https:\/\/james-services.hr\/wp-content\/uploads\/2023\/01\/Combo-1@300x.png\",\"width\":1042,\"height\":626,\"caption\":\"James Services\"},\"image\":{\"@id\":\"https:\/\/james-services.hr\/#\/schema\/logo\/image\/\"}}]}<\/script>\n<!-- \/ Yoast SEO plugin. -->","yoast_head_json":{"title":"Kontakt - James Services","description":"Za vas smo dostupni svaki dan od 0\/24h.Mobitel +385 91 616 5245 | +385 91 616 5246. Emai: info@james-services.hr. Grad Zagreb, Grad Vara\u017edin, Istra.","robots":{"index":"index","follow":"follow","max-snippet":"max-snippet:-1","max-image-preview":"max-image-preview:large","max-video-preview":"max-video-preview:-1"},"canonical":"https:\/\/james-services.hr\/en\/kontakt\/","og_locale":"en_US","og_type":"article","og_title":"Kontakt - James Services","og_description":"Za vas smo dostupni svaki dan od 0\/24h.Mobitel +385 91 616 5245 | +385 91 616 5246. Emai: info@james-services.hr. Grad Zagreb, Grad Vara\u017edin, Istra.","og_url":"https:\/\/james-services.hr\/en\/kontakt\/","og_site_name":"James Services","article_modified_time":"2023-02-21T12:22:29+00:00","twitter_card":"summary_large_image","twitter_misc":{"Est. reading time":"1 minute"},"schema":{"@context":"https:\/\/schema.org","@graph":[{"@type":"WebPage","@id":"https:\/\/james-services.hr\/kontakt\/","url":"https:\/\/james-services.hr\/kontakt\/","name":"Kontakt - James Services","isPartOf":{"@id":"https:\/\/james-services.hr\/#website"},"datePublished":"2021-08-06T06:02:13+00:00","dateModified":"2023-02-21T12:22:29+00:00","description":"Za vas smo dostupni svaki dan od 0\/24h.Mobitel +385 91 616 5245 | +385 91 616 5246. Emai: info@james-services.hr. Grad Zagreb, Grad Vara\u017edin, Istra.","breadcrumb":{"@id":"https:\/\/james-services.hr\/kontakt\/#breadcrumb"},"inLanguage":"en-US","potentialAction":[{"@type":"ReadAction","target":["https:\/\/james-services.hr\/kontakt\/"]}]},{"@type":"BreadcrumbList","@id":"https:\/\/james-services.hr\/kontakt\/#breadcrumb","itemListElement":[{"@type":"ListItem","position":1,"name":"Home","item":"https:\/\/james-services.hr\/"},{"@type":"ListItem","position":2,"name":"Kontakt"}]},{"@type":"WebSite","@id":"https:\/\/james-services.hr\/#website","url":"https:\/\/james-services.hr\/","name":"James Services","description":"James Services","publisher":{"@id":"https:\/\/james-services.hr\/#organization"},"potentialAction":[{"@type":"SearchAction","target":{"@type":"EntryPoint","urlTemplate":"https:\/\/james-services.hr\/?s={search_term_string}"},"query-input":{"@type":"PropertyValueSpecification","valueRequired":true,"valueName":"search_term_string"}}],"inLanguage":"en-US"},{"@type":"Organization","@id":"https:\/\/james-services.hr\/#organization","name":"James Services","url":"https:\/\/james-services.hr\/","logo":{"@type":"ImageObject","inLanguage":"en-US","@id":"https:\/\/james-services.hr\/#\/schema\/logo\/image\/","url":"https:\/\/james-services.hr\/wp-content\/uploads\/2023\/01\/Combo-1@300x.png","contentUrl":"https:\/\/james-services.hr\/wp-content\/uploads\/2023\/01\/Combo-1@300x.png","width":1042,"height":626,"caption":"James Services"},"image":{"@id":"https:\/\/james-services.hr\/#\/schema\/logo\/image\/"}}]}},"_links":{"self":[{"href":"https:\/\/james-services.hr\/en\/wp-json\/wp\/v2\/pages\/453","targetHints":{"allow":["GET"]}}],"collection":[{"href":"https:\/\/james-services.hr\/en\/wp-json\/wp\/v2\/pages"}],"about":[{"href":"https:\/\/james-services.hr\/en\/wp-json\/wp\/v2\/types\/page"}],"author":[{"embeddable":true,"href":"https:\/\/james-services.hr\/en\/wp-json\/wp\/v2\/users\/1"}],"replies":[{"embeddable":true,"href":"https:\/\/james-services.hr\/en\/wp-json\/wp\/v2\/comments?post=453"}],"version-history":[{"count":77,"href":"https:\/\/james-services.hr\/en\/wp-json\/wp\/v2\/pages\/453\/revisions"}],"predecessor-version":[{"id":2253,"href":"https:\/\/james-services.hr\/en\/wp-json\/wp\/v2\/pages\/453\/revisions\/2253"}],"wp:attachment":[{"href":"https:\/\/james-services.hr\/en\/wp-json\/wp\/v2\/media?parent=453"}],"curies":[{"name":"wp","href":"https:\/\/api.w.org\/{rel}","templated":true}]}}