{"id":344,"date":"2021-08-06T03:56:15","date_gmt":"2021-08-06T03:56:15","guid":{"rendered":"https:\/\/smartdata.tonytemplates.com\/cleaning-service-v3\/?page_id=344"},"modified":"2023-03-15T07:00:38","modified_gmt":"2023-03-15T07:00:38","slug":"our-services","status":"publish","type":"page","link":"https:\/\/james-services.hr\/en\/our-services\/","title":{"rendered":"Send request"},"content":{"rendered":"<div data-elementor-type=\"wp-page\" data-elementor-id=\"344\" class=\"elementor elementor-344\" data-elementor-post-type=\"page\">\n\t\t\t\t\t\t<section class=\"elementor-section elementor-top-section elementor-element elementor-element-ec884b5 elementor-section-boxed elementor-section-height-default elementor-section-height-default\" data-id=\"ec884b5\" data-element_type=\"section\">\n\t\t\t\t\t\t<div class=\"elementor-container elementor-column-gap-default\">\n\t\t\t\t\t<div class=\"elementor-column elementor-col-100 elementor-top-column elementor-element elementor-element-4854c22\" data-id=\"4854c22\" data-element_type=\"column\">\n\t\t\t<div class=\"elementor-widget-wrap elementor-element-populated\">\n\t\t\t\t\t\t<div class=\"elementor-element elementor-element-9f5efa3 elementor-invisible elementor-widget elementor-widget-cleaning_contact_from\" data-id=\"9f5efa3\" data-element_type=\"widget\" data-settings=\"{&quot;_animation&quot;:&quot;bounceInDown&quot;}\" data-widget_type=\"cleaning_contact_from.default\">\n\t\t\t\t<div class=\"elementor-widget-container\">\n\t\t\t\t\t\t\t\t\t<h2 class=\"text-center h-lg h-decor\">\n\t\t\t\t\tNeed our service?\t\t\t\t<\/h2>\n\t\t\t\t\t\t\t<\/div>\n\t\t\t\t<\/div>\n\t\t\t\t<div class=\"elementor-element elementor-element-c408c76 elementor-invisible elementor-widget elementor-widget-cleaning_contact_from\" data-id=\"c408c76\" data-element_type=\"widget\" data-settings=\"{&quot;_animation&quot;:&quot;bounceInDown&quot;}\" data-widget_type=\"cleaning_contact_from.default\">\n\t\t\t\t<div class=\"elementor-widget-container\">\n\t\t\t\t\t\t\t\t\t<h3 class=\"text-center h-lg h-decor\">\n\t\t\t\t\tSend us an inquiry and we will respond as soon as possible.\t\t\t\t<\/h3>\n\t\t\t\t\t\t\t<\/div>\n\t\t\t\t<\/div>\n\t\t\t\t<div class=\"elementor-element elementor-element-1360123 elementor-button-align-center elementor-invisible elementor-widget elementor-widget-form\" data-id=\"1360123\" data-element_type=\"widget\" data-settings=\"{&quot;step_next_label&quot;:&quot;Next&quot;,&quot;step_previous_label&quot;:&quot;Previous&quot;,&quot;_animation&quot;:&quot;bounceInDown&quot;,&quot;step_type&quot;:&quot;number_text&quot;,&quot;step_icon_shape&quot;:&quot;circle&quot;}\" data-widget_type=\"form.default\">\n\t\t\t\t<div class=\"elementor-widget-container\">\n\t\t\t\t\t\t\t<form class=\"elementor-form\" method=\"post\" name=\"Kontakt forma\" aria-label=\"Kontakt forma\" action=\"\">\n\t\t\t<input type=\"hidden\" name=\"post_id\" value=\"344\"\/>\n\t\t\t<input type=\"hidden\" name=\"form_id\" value=\"1360123\"\/>\n\t\t\t<input type=\"hidden\" name=\"referer_title\" value=\"Po\u0161alji upit - James Services\" \/>\n\n\t\t\t\t\t\t\t<input type=\"hidden\" name=\"queried_id\" value=\"344\"\/>\n\t\t\t\n\t\t\t<div class=\"elementor-form-fields-wrapper elementor-labels-above\">\n\t\t\t\t\t\t\t\t<div class=\"elementor-field-type-checkbox elementor-field-group elementor-column elementor-field-group-field_630134f elementor-col-100\">\n\t\t\t\t\t\t\t\t\t\t\t\t<label for=\"form-field-field_630134f\" class=\"elementor-field-label\">\n\t\t\t\t\t\t\t\tI would like one or more of the following services:\t\t\t\t\t\t\t<\/label>\n\t\t\t\t\t\t<div class=\"elementor-field-subgroup  elementor-subgroup-inline\"><span class=\"elementor-field-option\"><input type=\"checkbox\" value=\"Redovno \u010di\u0161\u0107enje\" id=\"form-field-field_630134f-0\" name=\"form_fields[field_630134f][]\"> <label for=\"form-field-field_630134f-0\">Regular cleaning<\/label><\/span><span class=\"elementor-field-option\"><input type=\"checkbox\" value=\"\u010ci\u0161\u0107enje ureda\" id=\"form-field-field_630134f-1\" name=\"form_fields[field_630134f][]\"> <label for=\"form-field-field_630134f-1\">Cleaning office<\/label><\/span><span class=\"elementor-field-option\"><input type=\"checkbox\" value=\"\u010ci\u0161\u0107enje stakla\" id=\"form-field-field_630134f-2\" name=\"form_fields[field_630134f][]\"> <label for=\"form-field-field_630134f-2\">Glass cleaning<\/label><\/span><span class=\"elementor-field-option\"><input type=\"checkbox\" value=\"\u010ci\u0161\u0107enje lamela za prozore\" id=\"form-field-field_630134f-3\" name=\"form_fields[field_630134f][]\"> <label for=\"form-field-field_630134f-3\">Window slat cleaning<\/label><\/span><span class=\"elementor-field-option\"><input type=\"checkbox\" value=\"\u010ci\u0161\u0107enje stepeni\u0161ta\" id=\"form-field-field_630134f-4\" name=\"form_fields[field_630134f][]\"> <label for=\"form-field-field_630134f-4\">Stair cleaning<\/label><\/span><span class=\"elementor-field-option\"><input type=\"checkbox\" value=\"Temeljno i posebno \u010di\u0161\u0107enje\" id=\"form-field-field_630134f-5\" name=\"form_fields[field_630134f][]\"> <label for=\"form-field-field_630134f-5\">Basic and special cleaning<\/label><\/span><span class=\"elementor-field-option\"><input type=\"checkbox\" value=\"NJega tepiha i tekstila\" id=\"form-field-field_630134f-6\" name=\"form_fields[field_630134f][]\"> <label for=\"form-field-field_630134f-6\">Carpet and textile care<\/label><\/span><span class=\"elementor-field-option\"><input type=\"checkbox\" value=\"Higijenske usluge\" id=\"form-field-field_630134f-7\" name=\"form_fields[field_630134f][]\"> <label for=\"form-field-field_630134f-7\">Hygiene services<\/label><\/span><span class=\"elementor-field-option\"><input type=\"checkbox\" value=\"\u010ci\u0161\u0107enje ambulante\" id=\"form-field-field_630134f-8\" name=\"form_fields[field_630134f][]\"> <label for=\"form-field-field_630134f-8\">Cleaning the clinic<\/label><\/span><span class=\"elementor-field-option\"><input type=\"checkbox\" value=\"\u010ci\u0161\u0107enje ljekarne\" id=\"form-field-field_630134f-9\" name=\"form_fields[field_630134f][]\"> <label for=\"form-field-field_630134f-9\">Pharmacy cleaning<\/label><\/span><span class=\"elementor-field-option\"><input type=\"checkbox\" value=\"\u010ci\u0161\u0107enje fasada\" id=\"form-field-field_630134f-10\" name=\"form_fields[field_630134f][]\"> <label for=\"form-field-field_630134f-10\">Cleaning facades<\/label><\/span><span class=\"elementor-field-option\"><input type=\"checkbox\" value=\"Njega vanjskih objekata\" id=\"form-field-field_630134f-11\" name=\"form_fields[field_630134f][]\"> <label for=\"form-field-field_630134f-11\">Maintenance of outbuildings<\/label><\/span><span class=\"elementor-field-option\"><input type=\"checkbox\" value=\"Gra\u0111evinsko \u010di\u0161\u0107enje\" id=\"form-field-field_630134f-12\" name=\"form_fields[field_630134f][]\"> <label for=\"form-field-field_630134f-12\">Construction Cleaning<\/label><\/span><span class=\"elementor-field-option\"><input type=\"checkbox\" value=\"Generalno gra\u0111evinsko \u010di\u0161\u0107enje\" id=\"form-field-field_630134f-13\" name=\"form_fields[field_630134f][]\"> <label for=\"form-field-field_630134f-13\">General construction cleaning<\/label><\/span><\/div>\t\t\t\t<\/div>\n\t\t\t\t\t\t\t\t<div class=\"elementor-field-type-text elementor-field-group elementor-column elementor-field-group-name elementor-col-50 elementor-field-required elementor-mark-required\">\n\t\t\t\t\t\t\t\t\t\t\t\t<label for=\"form-field-name\" class=\"elementor-field-label\">\n\t\t\t\t\t\t\t\tName and surname\t\t\t\t\t\t\t<\/label>\n\t\t\t\t\t\t\t\t\t\t\t\t\t\t<input size=\"1\" type=\"text\" name=\"form_fields[name]\" id=\"form-field-name\" class=\"elementor-field elementor-size-lg  elementor-field-textual\" placeholder=\"Name and surname\" required=\"required\">\n\t\t\t\t\t\t\t\t\t\t\t<\/div>\n\t\t\t\t\t\t\t\t<div class=\"elementor-field-type-email elementor-field-group elementor-column elementor-field-group-email elementor-col-50 elementor-field-required elementor-mark-required\">\n\t\t\t\t\t\t\t\t\t\t\t\t<label for=\"form-field-email\" class=\"elementor-field-label\">\n\t\t\t\t\t\t\t\tEmail\t\t\t\t\t\t\t<\/label>\n\t\t\t\t\t\t\t\t\t\t\t\t\t\t<input size=\"1\" type=\"email\" name=\"form_fields[email]\" id=\"form-field-email\" class=\"elementor-field elementor-size-lg  elementor-field-textual\" placeholder=\"Email\" required=\"required\">\n\t\t\t\t\t\t\t\t\t\t\t<\/div>\n\t\t\t\t\t\t\t\t<div class=\"elementor-field-type-text elementor-field-group elementor-column elementor-field-group-field_7e33c23 elementor-col-100 elementor-field-required elementor-mark-required\">\n\t\t\t\t\t\t\t\t\t\t\t\t<label for=\"form-field-field_7e33c23\" class=\"elementor-field-label\">\n\t\t\t\t\t\t\t\tPhone number\t\t\t\t\t\t\t<\/label>\n\t\t\t\t\t\t\t\t\t\t\t\t\t\t<input size=\"1\" type=\"text\" name=\"form_fields[field_7e33c23]\" id=\"form-field-field_7e33c23\" class=\"elementor-field elementor-size-lg  elementor-field-textual\" placeholder=\"Phone number\" required=\"required\">\n\t\t\t\t\t\t\t\t\t\t\t<\/div>\n\t\t\t\t\t\t\t\t<div class=\"elementor-field-type-textarea elementor-field-group elementor-column elementor-field-group-message elementor-col-100\">\n\t\t\t\t\t\t\t\t\t\t\t\t<label for=\"form-field-message\" class=\"elementor-field-label\">\n\t\t\t\t\t\t\t\tMessage\t\t\t\t\t\t\t<\/label>\n\t\t\t\t\t\t<textarea class=\"elementor-field-textual elementor-field  elementor-size-lg\" name=\"form_fields[message]\" id=\"form-field-message\" rows=\"4\" placeholder=\"Your message\"><\/textarea>\t\t\t\t<\/div>\n\t\t\t\t\t\t\t\t<div class=\"elementor-field-group elementor-column elementor-field-type-submit elementor-col-100 e-form__buttons\">\n\t\t\t\t\t<button class=\"elementor-button elementor-size-sm\" type=\"submit\">\n\t\t\t\t\t\t<span class=\"elementor-button-content-wrapper\">\n\t\t\t\t\t\t\t\t\t\t\t\t\t\t\t<span class=\"elementor-button-icon\">\n\t\t\t\t\t\t\t\t\t<i aria-hidden=\"true\" class=\"far fa-arrow-alt-circle-right\"><\/i>\t\t\t\t\t\t\t\t\t\t\t\t\t\t\t\t\t<\/span>\n\t\t\t\t\t\t\t\t\t\t\t\t\t\t\t\t\t\t\t\t\t\t<span class=\"elementor-button-text\">Send request<\/span>\n\t\t\t\t\t\t\t\t\t\t\t\t\t<\/span>\n\t\t\t\t\t<\/button>\n\t\t\t\t<\/div>\n\t\t\t<\/div>\n\t\t<input type=\"hidden\" name=\"trp-form-language\" value=\"en\"\/><\/form>\n\t\t\t\t\t\t<\/div>\n\t\t\t\t<\/div>\n\t\t\t\t\t<\/div>\n\t\t<\/div>\n\t\t\t\t\t<\/div>\n\t\t<\/section>\n\t\t\t\t<section class=\"elementor-section elementor-top-section elementor-element elementor-element-062357a elementor-section-boxed elementor-section-height-default elementor-section-height-default\" data-id=\"062357a\" data-element_type=\"section\">\n\t\t\t\t\t\t<div class=\"elementor-container elementor-column-gap-default\">\n\t\t\t\t\t<div class=\"elementor-column elementor-col-100 elementor-top-column elementor-element elementor-element-c9aa13b\" data-id=\"c9aa13b\" data-element_type=\"column\">\n\t\t\t<div class=\"elementor-widget-wrap elementor-element-populated\">\n\t\t\t\t\t\t<div class=\"elementor-element elementor-element-75a544d elementor-invisible elementor-widget elementor-widget-heading\" data-id=\"75a544d\" data-element_type=\"widget\" data-settings=\"{&quot;_animation&quot;:&quot;zoomIn&quot;}\" data-widget_type=\"heading.default\">\n\t\t\t\t<div class=\"elementor-widget-container\">\n\t\t\t\t\t<h2 class=\"elementor-heading-title elementor-size-xl\">We look forward to your inquiry.<\/h2>\t\t\t\t<\/div>\n\t\t\t\t<\/div>\n\t\t\t\t\t<\/div>\n\t\t<\/div>\n\t\t\t\t\t<\/div>\n\t\t<\/section>\n\t\t\t\t<\/div>","protected":false},"excerpt":{"rendered":"<p>Trebate na\u0161u uslugu? Po\u0161aljite nam upit i odgovaramo u najkra\u0107em roku Radujemo se va\u0161em upitu.<\/p>","protected":false},"author":1,"featured_media":0,"parent":0,"menu_order":0,"comment_status":"closed","ping_status":"closed","template":"elementor_header_footer","meta":{"footnotes":""},"class_list":["post-344","page","type-page","status-publish","hentry"],"yoast_head":"<!-- This site is optimized with the Yoast SEO plugin v26.4 - https:\/\/yoast.com\/wordpress\/plugins\/seo\/ -->\n<title>Po\u0161alji upit - James Services<\/title>\n<meta name=\"description\" content=\"Trebate na\u0161u uslugu? Po\u0161aljite nam upit i odgovaramo u najkra\u0107em roku. Mobitel 24\/7+385 91 616 5246. Email:info@james-services.hr\" \/>\n<meta name=\"robots\" content=\"index, follow, max-snippet:-1, max-image-preview:large, max-video-preview:-1\" \/>\n<link rel=\"canonical\" href=\"https:\/\/james-services.hr\/en\/our-services\/\" \/>\n<meta property=\"og:locale\" content=\"en_US\" \/>\n<meta property=\"og:type\" content=\"article\" \/>\n<meta property=\"og:title\" content=\"Po\u0161alji upit - James Services\" \/>\n<meta property=\"og:description\" content=\"Trebate na\u0161u uslugu? Po\u0161aljite nam upit i odgovaramo u najkra\u0107em roku. Mobitel 24\/7+385 91 616 5246. Email:info@james-services.hr\" \/>\n<meta property=\"og:url\" content=\"https:\/\/james-services.hr\/en\/our-services\/\" \/>\n<meta property=\"og:site_name\" content=\"James Services\" \/>\n<meta property=\"article:modified_time\" content=\"2023-03-15T07:00:38+00:00\" \/>\n<meta name=\"twitter:card\" content=\"summary_large_image\" \/>\n<meta name=\"twitter:label1\" content=\"Est. reading time\" \/>\n\t<meta name=\"twitter:data1\" content=\"1 minute\" \/>\n<script type=\"application\/ld+json\" class=\"yoast-schema-graph\">{\"@context\":\"https:\/\/schema.org\",\"@graph\":[{\"@type\":\"WebPage\",\"@id\":\"https:\/\/james-services.hr\/our-services\/\",\"url\":\"https:\/\/james-services.hr\/our-services\/\",\"name\":\"Po\u0161alji upit - James Services\",\"isPartOf\":{\"@id\":\"https:\/\/james-services.hr\/#website\"},\"datePublished\":\"2021-08-06T03:56:15+00:00\",\"dateModified\":\"2023-03-15T07:00:38+00:00\",\"description\":\"Trebate na\u0161u uslugu? Po\u0161aljite nam upit i odgovaramo u najkra\u0107em roku. Mobitel 24\/7+385 91 616 5246. Email:info@james-services.hr\",\"breadcrumb\":{\"@id\":\"https:\/\/james-services.hr\/our-services\/#breadcrumb\"},\"inLanguage\":\"en-US\",\"potentialAction\":[{\"@type\":\"ReadAction\",\"target\":[\"https:\/\/james-services.hr\/our-services\/\"]}]},{\"@type\":\"BreadcrumbList\",\"@id\":\"https:\/\/james-services.hr\/our-services\/#breadcrumb\",\"itemListElement\":[{\"@type\":\"ListItem\",\"position\":1,\"name\":\"Home\",\"item\":\"https:\/\/james-services.hr\/\"},{\"@type\":\"ListItem\",\"position\":2,\"name\":\"Po\u0161alji upit\"}]},{\"@type\":\"WebSite\",\"@id\":\"https:\/\/james-services.hr\/#website\",\"url\":\"https:\/\/james-services.hr\/\",\"name\":\"James Services\",\"description\":\"James Services\",\"publisher\":{\"@id\":\"https:\/\/james-services.hr\/#organization\"},\"potentialAction\":[{\"@type\":\"SearchAction\",\"target\":{\"@type\":\"EntryPoint\",\"urlTemplate\":\"https:\/\/james-services.hr\/?s={search_term_string}\"},\"query-input\":{\"@type\":\"PropertyValueSpecification\",\"valueRequired\":true,\"valueName\":\"search_term_string\"}}],\"inLanguage\":\"en-US\"},{\"@type\":\"Organization\",\"@id\":\"https:\/\/james-services.hr\/#organization\",\"name\":\"James Services\",\"url\":\"https:\/\/james-services.hr\/\",\"logo\":{\"@type\":\"ImageObject\",\"inLanguage\":\"en-US\",\"@id\":\"https:\/\/james-services.hr\/#\/schema\/logo\/image\/\",\"url\":\"https:\/\/james-services.hr\/wp-content\/uploads\/2023\/01\/Combo-1@300x.png\",\"contentUrl\":\"https:\/\/james-services.hr\/wp-content\/uploads\/2023\/01\/Combo-1@300x.png\",\"width\":1042,\"height\":626,\"caption\":\"James Services\"},\"image\":{\"@id\":\"https:\/\/james-services.hr\/#\/schema\/logo\/image\/\"}}]}<\/script>\n<!-- \/ Yoast SEO plugin. -->","yoast_head_json":{"title":"Po\u0161alji upit - James Services","description":"Trebate na\u0161u uslugu? Po\u0161aljite nam upit i odgovaramo u najkra\u0107em roku. Mobitel 24\/7+385 91 616 5246. Email:info@james-services.hr","robots":{"index":"index","follow":"follow","max-snippet":"max-snippet:-1","max-image-preview":"max-image-preview:large","max-video-preview":"max-video-preview:-1"},"canonical":"https:\/\/james-services.hr\/en\/our-services\/","og_locale":"en_US","og_type":"article","og_title":"Po\u0161alji upit - James Services","og_description":"Trebate na\u0161u uslugu? Po\u0161aljite nam upit i odgovaramo u najkra\u0107em roku. Mobitel 24\/7+385 91 616 5246. Email:info@james-services.hr","og_url":"https:\/\/james-services.hr\/en\/our-services\/","og_site_name":"James Services","article_modified_time":"2023-03-15T07:00:38+00:00","twitter_card":"summary_large_image","twitter_misc":{"Est. reading time":"1 minute"},"schema":{"@context":"https:\/\/schema.org","@graph":[{"@type":"WebPage","@id":"https:\/\/james-services.hr\/our-services\/","url":"https:\/\/james-services.hr\/our-services\/","name":"Po\u0161alji upit - James Services","isPartOf":{"@id":"https:\/\/james-services.hr\/#website"},"datePublished":"2021-08-06T03:56:15+00:00","dateModified":"2023-03-15T07:00:38+00:00","description":"Trebate na\u0161u uslugu? Po\u0161aljite nam upit i odgovaramo u najkra\u0107em roku. Mobitel 24\/7+385 91 616 5246. Email:info@james-services.hr","breadcrumb":{"@id":"https:\/\/james-services.hr\/our-services\/#breadcrumb"},"inLanguage":"en-US","potentialAction":[{"@type":"ReadAction","target":["https:\/\/james-services.hr\/our-services\/"]}]},{"@type":"BreadcrumbList","@id":"https:\/\/james-services.hr\/our-services\/#breadcrumb","itemListElement":[{"@type":"ListItem","position":1,"name":"Home","item":"https:\/\/james-services.hr\/"},{"@type":"ListItem","position":2,"name":"Po\u0161alji upit"}]},{"@type":"WebSite","@id":"https:\/\/james-services.hr\/#website","url":"https:\/\/james-services.hr\/","name":"James Services","description":"James Services","publisher":{"@id":"https:\/\/james-services.hr\/#organization"},"potentialAction":[{"@type":"SearchAction","target":{"@type":"EntryPoint","urlTemplate":"https:\/\/james-services.hr\/?s={search_term_string}"},"query-input":{"@type":"PropertyValueSpecification","valueRequired":true,"valueName":"search_term_string"}}],"inLanguage":"en-US"},{"@type":"Organization","@id":"https:\/\/james-services.hr\/#organization","name":"James Services","url":"https:\/\/james-services.hr\/","logo":{"@type":"ImageObject","inLanguage":"en-US","@id":"https:\/\/james-services.hr\/#\/schema\/logo\/image\/","url":"https:\/\/james-services.hr\/wp-content\/uploads\/2023\/01\/Combo-1@300x.png","contentUrl":"https:\/\/james-services.hr\/wp-content\/uploads\/2023\/01\/Combo-1@300x.png","width":1042,"height":626,"caption":"James Services"},"image":{"@id":"https:\/\/james-services.hr\/#\/schema\/logo\/image\/"}}]}},"_links":{"self":[{"href":"https:\/\/james-services.hr\/en\/wp-json\/wp\/v2\/pages\/344","targetHints":{"allow":["GET"]}}],"collection":[{"href":"https:\/\/james-services.hr\/en\/wp-json\/wp\/v2\/pages"}],"about":[{"href":"https:\/\/james-services.hr\/en\/wp-json\/wp\/v2\/types\/page"}],"author":[{"embeddable":true,"href":"https:\/\/james-services.hr\/en\/wp-json\/wp\/v2\/users\/1"}],"replies":[{"embeddable":true,"href":"https:\/\/james-services.hr\/en\/wp-json\/wp\/v2\/comments?post=344"}],"version-history":[{"count":20,"href":"https:\/\/james-services.hr\/en\/wp-json\/wp\/v2\/pages\/344\/revisions"}],"predecessor-version":[{"id":2362,"href":"https:\/\/james-services.hr\/en\/wp-json\/wp\/v2\/pages\/344\/revisions\/2362"}],"wp:attachment":[{"href":"https:\/\/james-services.hr\/en\/wp-json\/wp\/v2\/media?parent=344"}],"curies":[{"name":"wp","href":"https:\/\/api.w.org\/{rel}","templated":true}]}}