{"id":30,"date":"2021-08-05T03:36:48","date_gmt":"2021-08-05T03:36:48","guid":{"rendered":"https:\/\/smartdata.tonytemplates.com\/cleaning-service-v3\/?page_id=30"},"modified":"2023-06-12T07:09:25","modified_gmt":"2023-06-12T07:09:25","slug":"about-us","status":"publish","type":"page","link":"https:\/\/james-services.hr\/en\/about-us\/","title":{"rendered":"Jobs"},"content":{"rendered":"<div data-elementor-type=\"wp-page\" data-elementor-id=\"30\" class=\"elementor elementor-30\" data-elementor-post-type=\"page\">\n\t\t\t\t\t\t<section class=\"elementor-section elementor-top-section elementor-element elementor-element-761706f elementor-section-boxed elementor-section-height-default elementor-section-height-default\" data-id=\"761706f\" data-element_type=\"section\">\n\t\t\t\t\t\t<div class=\"elementor-container elementor-column-gap-default\">\n\t\t\t\t\t<div class=\"elementor-column elementor-col-100 elementor-top-column elementor-element elementor-element-1b12e2d\" data-id=\"1b12e2d\" data-element_type=\"column\">\n\t\t\t<div class=\"elementor-widget-wrap elementor-element-populated\">\n\t\t\t\t\t\t<div class=\"elementor-element elementor-element-0ad4060 elementor-widget elementor-widget-heading\" data-id=\"0ad4060\" data-element_type=\"widget\" data-widget_type=\"heading.default\">\n\t\t\t\t<div class=\"elementor-widget-container\">\n\t\t\t\t\t<h2 class=\"elementor-heading-title elementor-size-large\">Do you want to become part of our team?<\/h2>\t\t\t\t<\/div>\n\t\t\t\t<\/div>\n\t\t\t\t\t<\/div>\n\t\t<\/div>\n\t\t\t\t\t<\/div>\n\t\t<\/section>\n\t\t\t\t<section class=\"elementor-section elementor-top-section elementor-element elementor-element-351eb4b elementor-section-boxed elementor-section-height-default elementor-section-height-default\" data-id=\"351eb4b\" data-element_type=\"section\">\n\t\t\t\t\t\t<div class=\"elementor-container elementor-column-gap-default\">\n\t\t\t\t\t<div class=\"elementor-column elementor-col-100 elementor-top-column elementor-element elementor-element-64d9841\" data-id=\"64d9841\" data-element_type=\"column\">\n\t\t\t<div class=\"elementor-widget-wrap elementor-element-populated\">\n\t\t\t\t\t\t<div class=\"elementor-element elementor-element-eee169c elementor-widget elementor-widget-heading\" data-id=\"eee169c\" data-element_type=\"widget\" data-widget_type=\"heading.default\">\n\t\t\t\t<div class=\"elementor-widget-container\">\n\t\t\t\t\t<h2 class=\"elementor-heading-title elementor-size-large\">Fill out a short application and we will contact you as soon as possible<\/h2>\t\t\t\t<\/div>\n\t\t\t\t<\/div>\n\t\t\t\t\t<\/div>\n\t\t<\/div>\n\t\t\t\t\t<\/div>\n\t\t<\/section>\n\t\t\t\t<section class=\"elementor-section elementor-top-section elementor-element elementor-element-84706d4 elementor-section-boxed elementor-section-height-default elementor-section-height-default\" data-id=\"84706d4\" data-element_type=\"section\">\n\t\t\t\t\t\t<div class=\"elementor-container elementor-column-gap-default\">\n\t\t\t\t\t<div class=\"elementor-column elementor-col-100 elementor-top-column elementor-element elementor-element-7ac2032\" data-id=\"7ac2032\" data-element_type=\"column\">\n\t\t\t<div class=\"elementor-widget-wrap elementor-element-populated\">\n\t\t\t\t\t\t<div class=\"elementor-element elementor-element-c67a4ff elementor-button-align-stretch elementor-widget elementor-widget-form\" data-id=\"c67a4ff\" data-element_type=\"widget\" data-settings=\"{&quot;step_next_label&quot;:&quot;Next&quot;,&quot;step_previous_label&quot;:&quot;Previous&quot;,&quot;button_width&quot;:&quot;100&quot;,&quot;step_type&quot;:&quot;number_text&quot;,&quot;step_icon_shape&quot;:&quot;circle&quot;}\" data-widget_type=\"form.default\">\n\t\t\t\t<div class=\"elementor-widget-container\">\n\t\t\t\t\t\t\t<form class=\"elementor-form\" method=\"post\" name=\"Prijava za posao\" aria-label=\"Prijava za posao\" action=\"\">\n\t\t\t<input type=\"hidden\" name=\"post_id\" value=\"30\"\/>\n\t\t\t<input type=\"hidden\" name=\"form_id\" value=\"c67a4ff\"\/>\n\t\t\t<input type=\"hidden\" name=\"referer_title\" value=\"Posao - James Services\" \/>\n\n\t\t\t\t\t\t\t<input type=\"hidden\" name=\"queried_id\" value=\"30\"\/>\n\t\t\t\n\t\t\t<div class=\"elementor-form-fields-wrapper elementor-labels-above\">\n\t\t\t\t\t\t\t\t<div class=\"elementor-field-type-text elementor-field-group elementor-column elementor-field-group-name elementor-col-100 elementor-field-required\">\n\t\t\t\t\t\t\t\t\t\t\t\t<label for=\"form-field-name\" class=\"elementor-field-label\">\n\t\t\t\t\t\t\t\tName and surname\t\t\t\t\t\t\t<\/label>\n\t\t\t\t\t\t\t\t\t\t\t\t\t\t<input size=\"1\" type=\"text\" name=\"form_fields[name]\" id=\"form-field-name\" class=\"elementor-field elementor-size-md  elementor-field-textual\" placeholder=\"Name and surname\" required=\"required\">\n\t\t\t\t\t\t\t\t\t\t\t<\/div>\n\t\t\t\t\t\t\t\t<div class=\"elementor-field-type-email elementor-field-group elementor-column elementor-field-group-email elementor-col-100 elementor-field-required\">\n\t\t\t\t\t\t\t\t\t\t\t\t<label for=\"form-field-email\" class=\"elementor-field-label\">\n\t\t\t\t\t\t\t\tEmail:\t\t\t\t\t\t\t<\/label>\n\t\t\t\t\t\t\t\t\t\t\t\t\t\t<input size=\"1\" type=\"email\" name=\"form_fields[email]\" id=\"form-field-email\" class=\"elementor-field elementor-size-md  elementor-field-textual\" placeholder=\"Email\" required=\"required\">\n\t\t\t\t\t\t\t\t\t\t\t<\/div>\n\t\t\t\t\t\t\t\t<div class=\"elementor-field-type-textarea elementor-field-group elementor-column elementor-field-group-message elementor-col-100 elementor-field-required\">\n\t\t\t\t\t\t\t\t\t\t\t\t<label for=\"form-field-message\" class=\"elementor-field-label\">\n\t\t\t\t\t\t\t\tI am interested in:\t\t\t\t\t\t\t<\/label>\n\t\t\t\t\t\t<textarea class=\"elementor-field-textual elementor-field  elementor-size-md\" name=\"form_fields[message]\" id=\"form-field-message\" rows=\"0\" placeholder=\"Type of work\" required=\"required\"><\/textarea>\t\t\t\t<\/div>\n\t\t\t\t\t\t\t\t<div class=\"elementor-field-type-textarea elementor-field-group elementor-column elementor-field-group-field_8d5b474 elementor-col-100\">\n\t\t\t\t\t\t\t\t\t\t\t\t<label for=\"form-field-field_8d5b474\" class=\"elementor-field-label\">\n\t\t\t\t\t\t\t\tYour message\t\t\t\t\t\t\t<\/label>\n\t\t\t\t\t\t<textarea class=\"elementor-field-textual elementor-field  elementor-size-md\" name=\"form_fields[field_8d5b474]\" id=\"form-field-field_8d5b474\" rows=\"4\"><\/textarea>\t\t\t\t<\/div>\n\t\t\t\t\t\t\t\t<div class=\"elementor-field-group elementor-column elementor-field-type-submit elementor-col-100 e-form__buttons\">\n\t\t\t\t\t<button class=\"elementor-button elementor-size-sm\" type=\"submit\">\n\t\t\t\t\t\t<span class=\"elementor-button-content-wrapper\">\n\t\t\t\t\t\t\t\t\t\t\t\t\t\t\t<span class=\"elementor-button-icon\">\n\t\t\t\t\t\t\t\t\t<i aria-hidden=\"true\" class=\"far fa-arrow-alt-circle-right\"><\/i>\t\t\t\t\t\t\t\t\t\t\t\t\t\t\t\t\t<\/span>\n\t\t\t\t\t\t\t\t\t\t\t\t\t\t\t\t\t\t\t\t\t\t<span class=\"elementor-button-text\">Send request<\/span>\n\t\t\t\t\t\t\t\t\t\t\t\t\t<\/span>\n\t\t\t\t\t<\/button>\n\t\t\t\t<\/div>\n\t\t\t<\/div>\n\t\t<input type=\"hidden\" name=\"trp-form-language\" value=\"en\"\/><\/form>\n\t\t\t\t\t\t<\/div>\n\t\t\t\t<\/div>\n\t\t\t\t\t<\/div>\n\t\t<\/div>\n\t\t\t\t\t<\/div>\n\t\t<\/section>\n\t\t\t\t<\/div>","protected":false},"excerpt":{"rendered":"<p>\u017deli\u0161 postati dio na\u0161eg tima? Ispuni kratku prijavu i javljamo se u najkra\u0107em roku<\/p>","protected":false},"author":1,"featured_media":0,"parent":0,"menu_order":0,"comment_status":"closed","ping_status":"closed","template":"elementor_header_footer","meta":{"footnotes":""},"class_list":["post-30","page","type-page","status-publish","hentry"],"yoast_head":"<!-- This site is optimized with the Yoast SEO plugin v26.4 - https:\/\/yoast.com\/wordpress\/plugins\/seo\/ -->\n<title>Posao - James Services<\/title>\n<meta name=\"description\" content=\"\u017deli\u0161 postati dio na\u0161eg tima? Klikni na link, ispuni kratku prijavu i javljamo ti se u najkra\u0107em roku! Nudimo odli\u010dne uvjete rada!\" \/>\n<meta name=\"robots\" content=\"index, follow, max-snippet:-1, max-image-preview:large, max-video-preview:-1\" \/>\n<link rel=\"canonical\" href=\"https:\/\/james-services.hr\/en\/about-us\/\" \/>\n<meta property=\"og:locale\" content=\"en_US\" \/>\n<meta property=\"og:type\" content=\"article\" \/>\n<meta property=\"og:title\" content=\"Posao - James Services\" \/>\n<meta property=\"og:description\" content=\"\u017deli\u0161 postati dio na\u0161eg tima? Klikni na link, ispuni kratku prijavu i javljamo ti se u najkra\u0107em roku! Nudimo odli\u010dne uvjete rada!\" \/>\n<meta property=\"og:url\" content=\"https:\/\/james-services.hr\/en\/about-us\/\" \/>\n<meta property=\"og:site_name\" content=\"James Services\" \/>\n<meta property=\"article:modified_time\" content=\"2023-06-12T07:09:25+00:00\" \/>\n<meta name=\"twitter:card\" content=\"summary_large_image\" \/>\n<meta name=\"twitter:label1\" content=\"Est. reading time\" \/>\n\t<meta name=\"twitter:data1\" content=\"1 minute\" \/>\n<script type=\"application\/ld+json\" class=\"yoast-schema-graph\">{\"@context\":\"https:\/\/schema.org\",\"@graph\":[{\"@type\":\"WebPage\",\"@id\":\"https:\/\/james-services.hr\/about-us\/\",\"url\":\"https:\/\/james-services.hr\/about-us\/\",\"name\":\"Posao - James Services\",\"isPartOf\":{\"@id\":\"https:\/\/james-services.hr\/#website\"},\"datePublished\":\"2021-08-05T03:36:48+00:00\",\"dateModified\":\"2023-06-12T07:09:25+00:00\",\"description\":\"\u017deli\u0161 postati dio na\u0161eg tima? Klikni na link, ispuni kratku prijavu i javljamo ti se u najkra\u0107em roku! Nudimo odli\u010dne uvjete rada!\",\"breadcrumb\":{\"@id\":\"https:\/\/james-services.hr\/about-us\/#breadcrumb\"},\"inLanguage\":\"en-US\",\"potentialAction\":[{\"@type\":\"ReadAction\",\"target\":[\"https:\/\/james-services.hr\/about-us\/\"]}]},{\"@type\":\"BreadcrumbList\",\"@id\":\"https:\/\/james-services.hr\/about-us\/#breadcrumb\",\"itemListElement\":[{\"@type\":\"ListItem\",\"position\":1,\"name\":\"Home\",\"item\":\"https:\/\/james-services.hr\/\"},{\"@type\":\"ListItem\",\"position\":2,\"name\":\"Posao\"}]},{\"@type\":\"WebSite\",\"@id\":\"https:\/\/james-services.hr\/#website\",\"url\":\"https:\/\/james-services.hr\/\",\"name\":\"James Services\",\"description\":\"James Services\",\"publisher\":{\"@id\":\"https:\/\/james-services.hr\/#organization\"},\"potentialAction\":[{\"@type\":\"SearchAction\",\"target\":{\"@type\":\"EntryPoint\",\"urlTemplate\":\"https:\/\/james-services.hr\/?s={search_term_string}\"},\"query-input\":{\"@type\":\"PropertyValueSpecification\",\"valueRequired\":true,\"valueName\":\"search_term_string\"}}],\"inLanguage\":\"en-US\"},{\"@type\":\"Organization\",\"@id\":\"https:\/\/james-services.hr\/#organization\",\"name\":\"James Services\",\"url\":\"https:\/\/james-services.hr\/\",\"logo\":{\"@type\":\"ImageObject\",\"inLanguage\":\"en-US\",\"@id\":\"https:\/\/james-services.hr\/#\/schema\/logo\/image\/\",\"url\":\"https:\/\/james-services.hr\/wp-content\/uploads\/2023\/01\/Combo-1@300x.png\",\"contentUrl\":\"https:\/\/james-services.hr\/wp-content\/uploads\/2023\/01\/Combo-1@300x.png\",\"width\":1042,\"height\":626,\"caption\":\"James Services\"},\"image\":{\"@id\":\"https:\/\/james-services.hr\/#\/schema\/logo\/image\/\"}}]}<\/script>\n<!-- \/ Yoast SEO plugin. -->","yoast_head_json":{"title":"Posao - James Services","description":"\u017deli\u0161 postati dio na\u0161eg tima? Klikni na link, ispuni kratku prijavu i javljamo ti se u najkra\u0107em roku! Nudimo odli\u010dne uvjete rada!","robots":{"index":"index","follow":"follow","max-snippet":"max-snippet:-1","max-image-preview":"max-image-preview:large","max-video-preview":"max-video-preview:-1"},"canonical":"https:\/\/james-services.hr\/en\/about-us\/","og_locale":"en_US","og_type":"article","og_title":"Posao - James Services","og_description":"\u017deli\u0161 postati dio na\u0161eg tima? Klikni na link, ispuni kratku prijavu i javljamo ti se u najkra\u0107em roku! Nudimo odli\u010dne uvjete rada!","og_url":"https:\/\/james-services.hr\/en\/about-us\/","og_site_name":"James Services","article_modified_time":"2023-06-12T07:09:25+00:00","twitter_card":"summary_large_image","twitter_misc":{"Est. reading time":"1 minute"},"schema":{"@context":"https:\/\/schema.org","@graph":[{"@type":"WebPage","@id":"https:\/\/james-services.hr\/about-us\/","url":"https:\/\/james-services.hr\/about-us\/","name":"Posao - James Services","isPartOf":{"@id":"https:\/\/james-services.hr\/#website"},"datePublished":"2021-08-05T03:36:48+00:00","dateModified":"2023-06-12T07:09:25+00:00","description":"\u017deli\u0161 postati dio na\u0161eg tima? Klikni na link, ispuni kratku prijavu i javljamo ti se u najkra\u0107em roku! Nudimo odli\u010dne uvjete rada!","breadcrumb":{"@id":"https:\/\/james-services.hr\/about-us\/#breadcrumb"},"inLanguage":"en-US","potentialAction":[{"@type":"ReadAction","target":["https:\/\/james-services.hr\/about-us\/"]}]},{"@type":"BreadcrumbList","@id":"https:\/\/james-services.hr\/about-us\/#breadcrumb","itemListElement":[{"@type":"ListItem","position":1,"name":"Home","item":"https:\/\/james-services.hr\/"},{"@type":"ListItem","position":2,"name":"Posao"}]},{"@type":"WebSite","@id":"https:\/\/james-services.hr\/#website","url":"https:\/\/james-services.hr\/","name":"James Services","description":"James Services","publisher":{"@id":"https:\/\/james-services.hr\/#organization"},"potentialAction":[{"@type":"SearchAction","target":{"@type":"EntryPoint","urlTemplate":"https:\/\/james-services.hr\/?s={search_term_string}"},"query-input":{"@type":"PropertyValueSpecification","valueRequired":true,"valueName":"search_term_string"}}],"inLanguage":"en-US"},{"@type":"Organization","@id":"https:\/\/james-services.hr\/#organization","name":"James Services","url":"https:\/\/james-services.hr\/","logo":{"@type":"ImageObject","inLanguage":"en-US","@id":"https:\/\/james-services.hr\/#\/schema\/logo\/image\/","url":"https:\/\/james-services.hr\/wp-content\/uploads\/2023\/01\/Combo-1@300x.png","contentUrl":"https:\/\/james-services.hr\/wp-content\/uploads\/2023\/01\/Combo-1@300x.png","width":1042,"height":626,"caption":"James Services"},"image":{"@id":"https:\/\/james-services.hr\/#\/schema\/logo\/image\/"}}]}},"_links":{"self":[{"href":"https:\/\/james-services.hr\/en\/wp-json\/wp\/v2\/pages\/30","targetHints":{"allow":["GET"]}}],"collection":[{"href":"https:\/\/james-services.hr\/en\/wp-json\/wp\/v2\/pages"}],"about":[{"href":"https:\/\/james-services.hr\/en\/wp-json\/wp\/v2\/types\/page"}],"author":[{"embeddable":true,"href":"https:\/\/james-services.hr\/en\/wp-json\/wp\/v2\/users\/1"}],"replies":[{"embeddable":true,"href":"https:\/\/james-services.hr\/en\/wp-json\/wp\/v2\/comments?post=30"}],"version-history":[{"count":35,"href":"https:\/\/james-services.hr\/en\/wp-json\/wp\/v2\/pages\/30\/revisions"}],"predecessor-version":[{"id":2610,"href":"https:\/\/james-services.hr\/en\/wp-json\/wp\/v2\/pages\/30\/revisions\/2610"}],"wp:attachment":[{"href":"https:\/\/james-services.hr\/en\/wp-json\/wp\/v2\/media?parent=30"}],"curies":[{"name":"wp","href":"https:\/\/api.w.org\/{rel}","templated":true}]}}