{"id":2248,"date":"2023-02-20T12:39:49","date_gmt":"2023-02-20T12:39:49","guid":{"rendered":"https:\/\/james-services.hr\/?page_id=2248"},"modified":"2025-09-21T18:09:20","modified_gmt":"2025-09-21T18:09:20","slug":"opci-uvjeti-poslovanja","status":"publish","type":"page","link":"https:\/\/james-services.hr\/en\/opci-uvjeti-poslovanja\/","title":{"rendered":""},"content":{"rendered":"<div data-elementor-type=\"wp-page\" data-elementor-id=\"2248\" class=\"elementor elementor-2248\" data-elementor-post-type=\"page\">\n\t\t\t\t\t\t<section class=\"elementor-section elementor-top-section elementor-element elementor-element-7bcdc5b elementor-section-boxed elementor-section-height-default elementor-section-height-default\" data-id=\"7bcdc5b\" data-element_type=\"section\">\n\t\t\t\t\t\t<div class=\"elementor-container elementor-column-gap-default\">\n\t\t\t\t\t<div class=\"elementor-column elementor-col-100 elementor-top-column elementor-element elementor-element-2ea9436\" data-id=\"2ea9436\" data-element_type=\"column\">\n\t\t\t<div class=\"elementor-widget-wrap elementor-element-populated\">\n\t\t\t\t\t\t<div class=\"elementor-element elementor-element-2741972 elementor-widget elementor-widget-image\" data-id=\"2741972\" data-element_type=\"widget\" data-widget_type=\"image.default\">\n\t\t\t\t<div class=\"elementor-widget-container\">\n\t\t\t\t\t\t\t\t\t\t\t\t\t\t\t<img fetchpriority=\"high\" decoding=\"async\" width=\"640\" height=\"119\" src=\"https:\/\/james-services.hr\/wp-content\/uploads\/2023\/01\/James-Services-logotip-768x143.png\" class=\"attachment-medium_large size-medium_large wp-image-2233\" alt=\"\" srcset=\"https:\/\/james-services.hr\/wp-content\/uploads\/2023\/01\/James-Services-logotip-768x143.png 768w, https:\/\/james-services.hr\/wp-content\/uploads\/2023\/01\/James-Services-logotip-300x56.png 300w, https:\/\/james-services.hr\/wp-content\/uploads\/2023\/01\/James-Services-logotip-1024x190.png 1024w, https:\/\/james-services.hr\/wp-content\/uploads\/2023\/01\/James-Services-logotip-870x162.png 870w, https:\/\/james-services.hr\/wp-content\/uploads\/2023\/01\/James-Services-logotip-600x112.png 600w, https:\/\/james-services.hr\/wp-content\/uploads\/2023\/01\/James-Services-logotip.png 1280w\" sizes=\"(max-width: 640px) 100vw, 640px\" \/>\t\t\t\t\t\t\t\t\t\t\t\t\t\t\t<\/div>\n\t\t\t\t<\/div>\n\t\t\t\t\t<\/div>\n\t\t<\/div>\n\t\t\t\t\t<\/div>\n\t\t<\/section>\n\t\t\t\t<section class=\"elementor-section elementor-top-section elementor-element elementor-element-1217103 elementor-section-boxed elementor-section-height-default elementor-section-height-default\" data-id=\"1217103\" data-element_type=\"section\">\n\t\t\t\t\t\t<div class=\"elementor-container elementor-column-gap-default\">\n\t\t\t\t\t<div class=\"elementor-column elementor-col-100 elementor-top-column elementor-element elementor-element-b6d9726\" data-id=\"b6d9726\" data-element_type=\"column\">\n\t\t\t<div class=\"elementor-widget-wrap elementor-element-populated\">\n\t\t\t\t\t\t<div class=\"elementor-element elementor-element-9e5bd6a elementor-widget elementor-widget-text-editor\" data-id=\"9e5bd6a\" data-element_type=\"widget\" data-widget_type=\"text-editor.default\">\n\t\t\t\t<div class=\"elementor-widget-container\">\n\t\t\t\t\t\t\t\t\t<p><strong>Op<\/strong><strong>\u0107<\/strong><strong>i uvjeti poslovanja<\/strong><\/p><p>\u00a0<\/p><ol><li>Ova pravila op\u0107ih uvjeta poslovanja James Services d.o.o., Rije\u010dka 16, 52420 Buzet, Hrvatska, OIB: 18280191562, mati\u010dni broj: 070194972, upisan u sudski registar u Vara\u017edinu (u daljnjem tekstu: James Services).<\/li><li>Svrha ovih op\u0107ih uvjeta je definirati jasno prava i obaveze stranke usluga James Services, prilikom naru\u010divanja usluge \u010di\u0161\u0107enja poslovnih zgrada, uprava, medicinskih ustanova, apartmana, ku\u0107a, vila i hotela. Strankom se smatra svaka fizi\u010dka ili pravna osoba koje je rezervirala \u010di\u0161\u0107enje preko e-maila, telefona, usmeno ili pismeno.<\/li><li>Op\u0107i uvjeti poslovanja James Services, sastavljeni su u skladu sa Zakonom o obveznim odnosima RH, Zakonom o za\u0161titi potro\u0161a\u010da, preporukama HGK i me\u0111unarodnim standardima za e-poslovanje.<\/li><li>Op\u0107i uvjeti poslovanja odre\u0111uju djelovanje pru\u017eatelja usluge \u010di\u0161\u0107enja, prava stranke i odnos izme\u0111u zaposlenika, Servisa i stranke.<\/li><li>Poduze\u0107e James Services, je poslodavac profesionalnim \u010dista\u010dicama i \u010dista\u010dima i nudi usluge \u010di\u0161\u0107 Poduze\u0107e James Services pru\u017ea uslugu \u010di\u0161\u0107enja poslovnih zgrada, uprava, medicinskih ustanova, apartmana, ku\u0107a, vila i hotela, izme\u0111u stranke i profesionalnog \u010dista\u010da.<\/li><li>Op\u0107i uvjeti poslovanja vrijede za svaku rezervaciju\/narud\u017ebu putem telefona, e-maila, pismenog ili usmenog ugovora.<\/li><li>Aktualni op\u0107i uvjeti dostupni su na web stranici www.james-services.hr. Uvjeti se u svakom trenutku mogu dopuniti novim odredbama, predla\u017eemo stoga stranki da ih pro\u010dita prilikom svake narud\u017ebe\/rezervacije. Svaka verzija op\u0107ih uvjeta je posebno ozna\u010dena brojem i datirana. Za svaku narud\u017ebu vrijede uvjeti poslovanja, koji su objavljeni na web stranici www.james-services.hr, u trenutku naru\u010d<\/li><li>James Services ima pravo promijeniti uvjete poslovanja. Izmjene moraju biti predmet objave na web stranici www.james-services.hr.<\/li><li>U slu\u010daju promjene op\u0107ih uvjeta, odnos sa svakom pojedina\u010dnom strankom se ravna prema op\u0107im uvjetima koje su vrijedile u trenutku nastanka takvog odnosa. Odnosi sa strankom, koji su trajne naravi, se ravnaju prema novim op\u0107im uvjetima, time da se stranka mo\u017ee povu\u0107i iz takvog odnosa u roku od 14 dana, od dana objave novih Op\u0107ih uvjeta poslovanja.<\/li><\/ol>\t\t\t\t\t\t\t\t<\/div>\n\t\t\t\t<\/div>\n\t\t\t\t\t<\/div>\n\t\t<\/div>\n\t\t\t\t\t<\/div>\n\t\t<\/section>\n\t\t\t\t<\/div>","protected":false},"excerpt":{"rendered":"<p>Op\u0107i uvjeti poslovanja \u00a0 Ova pravila op\u0107ih uvjeta poslovanja James Services d.o.o., Rije\u010dka 16, 52420 Buzet, Hrvatska, OIB: 18280191562, mati\u010dni broj: 070194972, upisan u sudski registar u Vara\u017edinu (u daljnjem tekstu: James Services). Svrha ovih op\u0107ih uvjeta je definirati jasno prava i obaveze stranke usluga James Services, prilikom naru\u010divanja usluge \u010di\u0161\u0107enja poslovnih zgrada, uprava, medicinskih [&hellip;]<\/p>","protected":false},"author":1,"featured_media":0,"parent":0,"menu_order":0,"comment_status":"closed","ping_status":"closed","template":"","meta":{"footnotes":""},"class_list":["post-2248","page","type-page","status-publish","hentry"],"yoast_head":"<!-- This site is optimized with the Yoast SEO plugin v26.4 - https:\/\/yoast.com\/wordpress\/plugins\/seo\/ -->\n<title>- James Services<\/title>\n<meta name=\"description\" content=\"Svrha ovih op\u0107ih uvjeta je definirati jasno prava i obaveze stranke usluga James Services, prilikom naru\u010divanja usluge \u010di\u0161\u0107enja poslovnih zgrada, uprava, medicinskih ustanova, apartmana, ku\u0107a, vila i hotela. Strankom se smatra svaka fizi\u010dka ili pravna osoba koje je rezervirala \u010di\u0161\u0107enje preko e-maila, telefona, usmeno ili pismeno.\" \/>\n<meta name=\"robots\" content=\"index, follow, max-snippet:-1, max-image-preview:large, max-video-preview:-1\" \/>\n<link rel=\"canonical\" href=\"https:\/\/james-services.hr\/en\/opci-uvjeti-poslovanja\/\" \/>\n<meta property=\"og:locale\" content=\"en_US\" \/>\n<meta property=\"og:type\" content=\"article\" \/>\n<meta property=\"og:title\" content=\"- James Services\" \/>\n<meta property=\"og:description\" content=\"Svrha ovih op\u0107ih uvjeta je definirati jasno prava i obaveze stranke usluga James Services, prilikom naru\u010divanja usluge \u010di\u0161\u0107enja poslovnih zgrada, uprava, medicinskih ustanova, apartmana, ku\u0107a, vila i hotela. Strankom se smatra svaka fizi\u010dka ili pravna osoba koje je rezervirala \u010di\u0161\u0107enje preko e-maila, telefona, usmeno ili pismeno.\" \/>\n<meta property=\"og:url\" content=\"https:\/\/james-services.hr\/en\/opci-uvjeti-poslovanja\/\" \/>\n<meta property=\"og:site_name\" content=\"James Services\" \/>\n<meta property=\"article:modified_time\" content=\"2025-09-21T18:09:20+00:00\" \/>\n<meta property=\"og:image\" content=\"https:\/\/james-services.hr\/wp-content\/uploads\/2023\/01\/James-Services-logotip.png\" \/>\n\t<meta property=\"og:image:width\" content=\"1280\" \/>\n\t<meta property=\"og:image:height\" content=\"238\" \/>\n\t<meta property=\"og:image:type\" content=\"image\/png\" \/>\n<meta name=\"twitter:card\" content=\"summary_large_image\" \/>\n<meta name=\"twitter:label1\" content=\"Est. reading time\" \/>\n\t<meta name=\"twitter:data1\" content=\"1 minute\" \/>\n<script type=\"application\/ld+json\" class=\"yoast-schema-graph\">{\"@context\":\"https:\/\/schema.org\",\"@graph\":[{\"@type\":\"WebPage\",\"@id\":\"https:\/\/james-services.hr\/opci-uvjeti-poslovanja\/\",\"url\":\"https:\/\/james-services.hr\/opci-uvjeti-poslovanja\/\",\"name\":\"- James Services\",\"isPartOf\":{\"@id\":\"https:\/\/james-services.hr\/#website\"},\"primaryImageOfPage\":{\"@id\":\"https:\/\/james-services.hr\/opci-uvjeti-poslovanja\/#primaryimage\"},\"image\":{\"@id\":\"https:\/\/james-services.hr\/opci-uvjeti-poslovanja\/#primaryimage\"},\"thumbnailUrl\":\"https:\/\/james-services.hr\/wp-content\/uploads\/2023\/01\/James-Services-logotip-768x143.png\",\"datePublished\":\"2023-02-20T12:39:49+00:00\",\"dateModified\":\"2025-09-21T18:09:20+00:00\",\"description\":\"Svrha ovih op\u0107ih uvjeta je definirati jasno prava i obaveze stranke usluga James Services, prilikom naru\u010divanja usluge \u010di\u0161\u0107enja poslovnih zgrada, uprava, medicinskih ustanova, apartmana, ku\u0107a, vila i hotela. Strankom se smatra svaka fizi\u010dka ili pravna osoba koje je rezervirala \u010di\u0161\u0107enje preko e-maila, telefona, usmeno ili pismeno.\",\"inLanguage\":\"en-US\",\"potentialAction\":[{\"@type\":\"ReadAction\",\"target\":[\"https:\/\/james-services.hr\/opci-uvjeti-poslovanja\/\"]}]},{\"@type\":\"ImageObject\",\"inLanguage\":\"en-US\",\"@id\":\"https:\/\/james-services.hr\/opci-uvjeti-poslovanja\/#primaryimage\",\"url\":\"https:\/\/james-services.hr\/wp-content\/uploads\/2023\/01\/James-Services-logotip-768x143.png\",\"contentUrl\":\"https:\/\/james-services.hr\/wp-content\/uploads\/2023\/01\/James-Services-logotip-768x143.png\"},{\"@type\":\"WebSite\",\"@id\":\"https:\/\/james-services.hr\/#website\",\"url\":\"https:\/\/james-services.hr\/\",\"name\":\"James Services\",\"description\":\"James Services\",\"publisher\":{\"@id\":\"https:\/\/james-services.hr\/#organization\"},\"potentialAction\":[{\"@type\":\"SearchAction\",\"target\":{\"@type\":\"EntryPoint\",\"urlTemplate\":\"https:\/\/james-services.hr\/?s={search_term_string}\"},\"query-input\":{\"@type\":\"PropertyValueSpecification\",\"valueRequired\":true,\"valueName\":\"search_term_string\"}}],\"inLanguage\":\"en-US\"},{\"@type\":\"Organization\",\"@id\":\"https:\/\/james-services.hr\/#organization\",\"name\":\"James Services\",\"url\":\"https:\/\/james-services.hr\/\",\"logo\":{\"@type\":\"ImageObject\",\"inLanguage\":\"en-US\",\"@id\":\"https:\/\/james-services.hr\/#\/schema\/logo\/image\/\",\"url\":\"https:\/\/james-services.hr\/wp-content\/uploads\/2023\/01\/Combo-1@300x.png\",\"contentUrl\":\"https:\/\/james-services.hr\/wp-content\/uploads\/2023\/01\/Combo-1@300x.png\",\"width\":1042,\"height\":626,\"caption\":\"James Services\"},\"image\":{\"@id\":\"https:\/\/james-services.hr\/#\/schema\/logo\/image\/\"}}]}<\/script>\n<!-- \/ Yoast SEO plugin. -->","yoast_head_json":{"title":"- James Services","description":"Svrha ovih op\u0107ih uvjeta je definirati jasno prava i obaveze stranke usluga James Services, prilikom naru\u010divanja usluge \u010di\u0161\u0107enja poslovnih zgrada, uprava, medicinskih ustanova, apartmana, ku\u0107a, vila i hotela. Strankom se smatra svaka fizi\u010dka ili pravna osoba koje je rezervirala \u010di\u0161\u0107enje preko e-maila, telefona, usmeno ili pismeno.","robots":{"index":"index","follow":"follow","max-snippet":"max-snippet:-1","max-image-preview":"max-image-preview:large","max-video-preview":"max-video-preview:-1"},"canonical":"https:\/\/james-services.hr\/en\/opci-uvjeti-poslovanja\/","og_locale":"en_US","og_type":"article","og_title":"- James Services","og_description":"Svrha ovih op\u0107ih uvjeta je definirati jasno prava i obaveze stranke usluga James Services, prilikom naru\u010divanja usluge \u010di\u0161\u0107enja poslovnih zgrada, uprava, medicinskih ustanova, apartmana, ku\u0107a, vila i hotela. Strankom se smatra svaka fizi\u010dka ili pravna osoba koje je rezervirala \u010di\u0161\u0107enje preko e-maila, telefona, usmeno ili pismeno.","og_url":"https:\/\/james-services.hr\/en\/opci-uvjeti-poslovanja\/","og_site_name":"James Services","article_modified_time":"2025-09-21T18:09:20+00:00","og_image":[{"width":1280,"height":238,"url":"https:\/\/james-services.hr\/wp-content\/uploads\/2023\/01\/James-Services-logotip.png","type":"image\/png"}],"twitter_card":"summary_large_image","twitter_misc":{"Est. reading time":"1 minute"},"schema":{"@context":"https:\/\/schema.org","@graph":[{"@type":"WebPage","@id":"https:\/\/james-services.hr\/opci-uvjeti-poslovanja\/","url":"https:\/\/james-services.hr\/opci-uvjeti-poslovanja\/","name":"- James Services","isPartOf":{"@id":"https:\/\/james-services.hr\/#website"},"primaryImageOfPage":{"@id":"https:\/\/james-services.hr\/opci-uvjeti-poslovanja\/#primaryimage"},"image":{"@id":"https:\/\/james-services.hr\/opci-uvjeti-poslovanja\/#primaryimage"},"thumbnailUrl":"https:\/\/james-services.hr\/wp-content\/uploads\/2023\/01\/James-Services-logotip-768x143.png","datePublished":"2023-02-20T12:39:49+00:00","dateModified":"2025-09-21T18:09:20+00:00","description":"Svrha ovih op\u0107ih uvjeta je definirati jasno prava i obaveze stranke usluga James Services, prilikom naru\u010divanja usluge \u010di\u0161\u0107enja poslovnih zgrada, uprava, medicinskih ustanova, apartmana, ku\u0107a, vila i hotela. Strankom se smatra svaka fizi\u010dka ili pravna osoba koje je rezervirala \u010di\u0161\u0107enje preko e-maila, telefona, usmeno ili pismeno.","inLanguage":"en-US","potentialAction":[{"@type":"ReadAction","target":["https:\/\/james-services.hr\/opci-uvjeti-poslovanja\/"]}]},{"@type":"ImageObject","inLanguage":"en-US","@id":"https:\/\/james-services.hr\/opci-uvjeti-poslovanja\/#primaryimage","url":"https:\/\/james-services.hr\/wp-content\/uploads\/2023\/01\/James-Services-logotip-768x143.png","contentUrl":"https:\/\/james-services.hr\/wp-content\/uploads\/2023\/01\/James-Services-logotip-768x143.png"},{"@type":"WebSite","@id":"https:\/\/james-services.hr\/#website","url":"https:\/\/james-services.hr\/","name":"James Services","description":"James Services","publisher":{"@id":"https:\/\/james-services.hr\/#organization"},"potentialAction":[{"@type":"SearchAction","target":{"@type":"EntryPoint","urlTemplate":"https:\/\/james-services.hr\/?s={search_term_string}"},"query-input":{"@type":"PropertyValueSpecification","valueRequired":true,"valueName":"search_term_string"}}],"inLanguage":"en-US"},{"@type":"Organization","@id":"https:\/\/james-services.hr\/#organization","name":"James Services","url":"https:\/\/james-services.hr\/","logo":{"@type":"ImageObject","inLanguage":"en-US","@id":"https:\/\/james-services.hr\/#\/schema\/logo\/image\/","url":"https:\/\/james-services.hr\/wp-content\/uploads\/2023\/01\/Combo-1@300x.png","contentUrl":"https:\/\/james-services.hr\/wp-content\/uploads\/2023\/01\/Combo-1@300x.png","width":1042,"height":626,"caption":"James Services"},"image":{"@id":"https:\/\/james-services.hr\/#\/schema\/logo\/image\/"}}]}},"_links":{"self":[{"href":"https:\/\/james-services.hr\/en\/wp-json\/wp\/v2\/pages\/2248","targetHints":{"allow":["GET"]}}],"collection":[{"href":"https:\/\/james-services.hr\/en\/wp-json\/wp\/v2\/pages"}],"about":[{"href":"https:\/\/james-services.hr\/en\/wp-json\/wp\/v2\/types\/page"}],"author":[{"embeddable":true,"href":"https:\/\/james-services.hr\/en\/wp-json\/wp\/v2\/users\/1"}],"replies":[{"embeddable":true,"href":"https:\/\/james-services.hr\/en\/wp-json\/wp\/v2\/comments?post=2248"}],"version-history":[{"count":11,"href":"https:\/\/james-services.hr\/en\/wp-json\/wp\/v2\/pages\/2248\/revisions"}],"predecessor-version":[{"id":2673,"href":"https:\/\/james-services.hr\/en\/wp-json\/wp\/v2\/pages\/2248\/revisions\/2673"}],"wp:attachment":[{"href":"https:\/\/james-services.hr\/en\/wp-json\/wp\/v2\/media?parent=2248"}],"curies":[{"name":"wp","href":"https:\/\/api.w.org\/{rel}","templated":true}]}}