{"id":1936,"date":"2023-01-11T16:15:48","date_gmt":"2023-01-11T16:15:48","guid":{"rendered":"https:\/\/james-services.hr\/?page_id=1936"},"modified":"2025-09-21T18:02:07","modified_gmt":"2025-09-21T18:02:07","slug":"usluge","status":"publish","type":"page","link":"https:\/\/james-services.hr\/en\/usluge\/","title":{"rendered":"Services"},"content":{"rendered":"<div data-elementor-type=\"wp-page\" data-elementor-id=\"1936\" class=\"elementor elementor-1936\" data-elementor-post-type=\"page\">\n\t\t\t\t\t\t<section class=\"elementor-section elementor-top-section elementor-element elementor-element-acf64a3 elementor-section-boxed elementor-section-height-default elementor-section-height-default\" data-id=\"acf64a3\" data-element_type=\"section\">\n\t\t\t\t\t\t<div class=\"elementor-container elementor-column-gap-default\">\n\t\t\t\t\t<div class=\"elementor-column elementor-col-100 elementor-top-column elementor-element elementor-element-b550332\" data-id=\"b550332\" data-element_type=\"column\">\n\t\t\t<div class=\"elementor-widget-wrap elementor-element-populated\">\n\t\t\t\t\t\t<div class=\"elementor-element elementor-element-1d686ce animated-slow elementor-headline--style-rotate elementor-invisible elementor-widget elementor-widget-animated-headline\" data-id=\"1d686ce\" data-element_type=\"widget\" data-settings=\"{&quot;_animation&quot;:&quot;zoomIn&quot;,&quot;headline_style&quot;:&quot;rotate&quot;,&quot;animation_type&quot;:&quot;drop-in&quot;,&quot;rotate_iteration_delay&quot;:1000,&quot;loop&quot;:&quot;yes&quot;}\" data-widget_type=\"animated-headline.default\">\n\t\t\t\t<div class=\"elementor-widget-container\">\n\t\t\t\t\t\t\t<h1 class=\"elementor-headline elementor-headline-animation-type-drop-in\">\n\t\t\t\t\t<span class=\"elementor-headline-plain-text elementor-headline-text-wrapper\">We offer a wide range of professional cleaning services<\/span>\n\t\t\t\t<span class=\"elementor-headline-dynamic-wrapper elementor-headline-text-wrapper\">\n\t\t\t\t<\/span>\n\t\t\t\t<\/h1>\n\t\t\t\t\t\t<\/div>\n\t\t\t\t<\/div>\n\t\t\t\t\t<\/div>\n\t\t<\/div>\n\t\t\t\t\t<\/div>\n\t\t<\/section>\n\t\t\t\t<section class=\"elementor-section elementor-top-section elementor-element elementor-element-793167c elementor-section-boxed elementor-section-height-default elementor-section-height-default\" data-id=\"793167c\" data-element_type=\"section\">\n\t\t\t\t\t\t<div class=\"elementor-container elementor-column-gap-default\">\n\t\t\t\t\t<div class=\"elementor-column elementor-col-33 elementor-top-column elementor-element elementor-element-782d6a5\" data-id=\"782d6a5\" data-element_type=\"column\">\n\t\t\t<div class=\"elementor-widget-wrap elementor-element-populated\">\n\t\t\t\t\t\t<div class=\"elementor-element elementor-element-a32c0ff animated-slow elementor-invisible elementor-widget elementor-widget-text-editor\" data-id=\"a32c0ff\" data-element_type=\"widget\" data-settings=\"{&quot;_animation&quot;:&quot;fadeInLeft&quot;}\" data-widget_type=\"text-editor.default\">\n\t\t\t\t<div class=\"elementor-widget-container\">\n\t\t\t\t\t\t\t\t\t<ul><li>Regular cleaning<\/li><li>Cleaning office<\/li><li>Glass cleaning<\/li><li>Window slat cleaning<\/li><li>Stair cleaning<\/li><li>Basic and special cleaning<\/li><li>Carpet and textile care<\/li><\/ul>\t\t\t\t\t\t\t\t<\/div>\n\t\t\t\t<\/div>\n\t\t\t\t\t<\/div>\n\t\t<\/div>\n\t\t\t\t<div class=\"elementor-column elementor-col-33 elementor-top-column elementor-element elementor-element-5ab9207\" data-id=\"5ab9207\" data-element_type=\"column\">\n\t\t\t<div class=\"elementor-widget-wrap elementor-element-populated\">\n\t\t\t\t\t\t<div class=\"elementor-element elementor-element-97ea609 animated-slow elementor-hidden-mobile elementor-invisible elementor-widget elementor-widget-counter\" data-id=\"97ea609\" data-element_type=\"widget\" data-settings=\"{&quot;_animation&quot;:&quot;fadeIn&quot;,&quot;_animation_delay&quot;:2000}\" data-widget_type=\"counter.default\">\n\t\t\t\t<div class=\"elementor-widget-container\">\n\t\t\t\t\t\t\t<div class=\"elementor-counter\">\n\t\t\t<div class=\"elementor-counter-title\">Average number of jobs performed per year<\/div>\t\t\t<div class=\"elementor-counter-number-wrapper\">\n\t\t\t\t<span class=\"elementor-counter-number-prefix\"><\/span>\n\t\t\t\t<span class=\"elementor-counter-number\" data-duration=\"3200\" data-to-value=\"348\" data-from-value=\"0\" data-delimiter=\"_\">0<\/span>\n\t\t\t\t<span class=\"elementor-counter-number-suffix\"><\/span>\n\t\t\t<\/div>\n\t\t<\/div>\n\t\t\t\t\t\t<\/div>\n\t\t\t\t<\/div>\n\t\t\t\t\t<\/div>\n\t\t<\/div>\n\t\t\t\t<div class=\"elementor-column elementor-col-33 elementor-top-column elementor-element elementor-element-4a4817b\" data-id=\"4a4817b\" data-element_type=\"column\">\n\t\t\t<div class=\"elementor-widget-wrap elementor-element-populated\">\n\t\t\t\t\t\t<div class=\"elementor-element elementor-element-6b277c0 animated-slow elementor-invisible elementor-widget elementor-widget-text-editor\" data-id=\"6b277c0\" data-element_type=\"widget\" data-settings=\"{&quot;_animation&quot;:&quot;fadeInRight&quot;}\" data-widget_type=\"text-editor.default\">\n\t\t\t\t<div class=\"elementor-widget-container\">\n\t\t\t\t\t\t\t\t\t<ul><li>Hygiene services<\/li><li>Cleaning the clinic<\/li><li>Pharmacy cleaning<\/li><li>Cleaning facades<\/li><li>Maintenance of outbuildings<\/li><li>Construction Cleaning<\/li><li>General construction cleaning<\/li><\/ul>\t\t\t\t\t\t\t\t<\/div>\n\t\t\t\t<\/div>\n\t\t\t\t\t<\/div>\n\t\t<\/div>\n\t\t\t\t\t<\/div>\n\t\t<\/section>\n\t\t\t\t<section class=\"elementor-section elementor-top-section elementor-element elementor-element-86d960f elementor-section-boxed elementor-section-height-default elementor-section-height-default\" data-id=\"86d960f\" data-element_type=\"section\">\n\t\t\t\t\t\t<div class=\"elementor-container elementor-column-gap-default\">\n\t\t\t\t\t<div class=\"elementor-column elementor-col-50 elementor-top-column elementor-element elementor-element-7f0aa2d\" data-id=\"7f0aa2d\" data-element_type=\"column\">\n\t\t\t<div class=\"elementor-widget-wrap elementor-element-populated\">\n\t\t\t\t\t\t<div class=\"elementor-element elementor-element-6240d8d elementor-invisible elementor-widget elementor-widget-heading\" data-id=\"6240d8d\" data-element_type=\"widget\" data-settings=\"{&quot;_animation&quot;:&quot;fadeInLeft&quot;,&quot;_animation_delay&quot;:800}\" data-widget_type=\"heading.default\">\n\t\t\t\t<div class=\"elementor-widget-container\">\n\t\t\t\t\t<h2 class=\"elementor-heading-title elementor-size-default\">We pay special attention to the smallest details and provide the highest quality of cleanliness.<\/h2>\t\t\t\t<\/div>\n\t\t\t\t<\/div>\n\t\t\t\t\t<\/div>\n\t\t<\/div>\n\t\t\t\t<div class=\"elementor-column elementor-col-50 elementor-top-column elementor-element elementor-element-6a78869\" data-id=\"6a78869\" data-element_type=\"column\">\n\t\t\t<div class=\"elementor-widget-wrap elementor-element-populated\">\n\t\t\t\t\t\t<div class=\"elementor-element elementor-element-6801c79 e-transform elementor-invisible elementor-widget elementor-widget-image\" data-id=\"6801c79\" data-element_type=\"widget\" data-settings=\"{&quot;_animation&quot;:&quot;fadeInLeft&quot;,&quot;_animation_delay&quot;:800,&quot;_transform_rotateZ_effect&quot;:{&quot;unit&quot;:&quot;px&quot;,&quot;size&quot;:-11,&quot;sizes&quot;:[]},&quot;_transform_rotate_3d&quot;:&quot;yes&quot;,&quot;_transform_rotateX_effect&quot;:{&quot;unit&quot;:&quot;px&quot;,&quot;size&quot;:0,&quot;sizes&quot;:[]},&quot;_transform_rotateY_effect&quot;:{&quot;unit&quot;:&quot;px&quot;,&quot;size&quot;:-2,&quot;sizes&quot;:[]},&quot;_transform_perspective_effect&quot;:{&quot;unit&quot;:&quot;px&quot;,&quot;size&quot;:80,&quot;sizes&quot;:[]},&quot;_transform_rotateZ_effect_tablet&quot;:{&quot;unit&quot;:&quot;deg&quot;,&quot;size&quot;:&quot;&quot;,&quot;sizes&quot;:[]},&quot;_transform_rotateZ_effect_mobile&quot;:{&quot;unit&quot;:&quot;deg&quot;,&quot;size&quot;:&quot;&quot;,&quot;sizes&quot;:[]},&quot;_transform_rotateX_effect_tablet&quot;:{&quot;unit&quot;:&quot;deg&quot;,&quot;size&quot;:&quot;&quot;,&quot;sizes&quot;:[]},&quot;_transform_rotateX_effect_mobile&quot;:{&quot;unit&quot;:&quot;deg&quot;,&quot;size&quot;:&quot;&quot;,&quot;sizes&quot;:[]},&quot;_transform_rotateY_effect_tablet&quot;:{&quot;unit&quot;:&quot;deg&quot;,&quot;size&quot;:&quot;&quot;,&quot;sizes&quot;:[]},&quot;_transform_rotateY_effect_mobile&quot;:{&quot;unit&quot;:&quot;deg&quot;,&quot;size&quot;:&quot;&quot;,&quot;sizes&quot;:[]},&quot;_transform_perspective_effect_tablet&quot;:{&quot;unit&quot;:&quot;px&quot;,&quot;size&quot;:&quot;&quot;,&quot;sizes&quot;:[]},&quot;_transform_perspective_effect_mobile&quot;:{&quot;unit&quot;:&quot;px&quot;,&quot;size&quot;:&quot;&quot;,&quot;sizes&quot;:[]}}\" data-widget_type=\"image.default\">\n\t\t\t\t<div class=\"elementor-widget-container\">\n\t\t\t\t\t\t\t\t\t\t\t\t\t\t\t<img fetchpriority=\"high\" decoding=\"async\" width=\"640\" height=\"427\" src=\"https:\/\/james-services.hr\/wp-content\/uploads\/2023\/03\/closeup-unrecognizable-person-cleaning-door-handle-768x512.jpg\" class=\"attachment-medium_large size-medium_large wp-image-2464\" alt=\"\" srcset=\"https:\/\/james-services.hr\/wp-content\/uploads\/2023\/03\/closeup-unrecognizable-person-cleaning-door-handle-768x512.jpg 768w, https:\/\/james-services.hr\/wp-content\/uploads\/2023\/03\/closeup-unrecognizable-person-cleaning-door-handle-300x200.jpg 300w, https:\/\/james-services.hr\/wp-content\/uploads\/2023\/03\/closeup-unrecognizable-person-cleaning-door-handle-1024x683.jpg 1024w, https:\/\/james-services.hr\/wp-content\/uploads\/2023\/03\/closeup-unrecognizable-person-cleaning-door-handle-1536x1024.jpg 1536w, https:\/\/james-services.hr\/wp-content\/uploads\/2023\/03\/closeup-unrecognizable-person-cleaning-door-handle-2048x1365.jpg 2048w, https:\/\/james-services.hr\/wp-content\/uploads\/2023\/03\/closeup-unrecognizable-person-cleaning-door-handle-725x483.jpg 725w, https:\/\/james-services.hr\/wp-content\/uploads\/2023\/03\/closeup-unrecognizable-person-cleaning-door-handle-600x400.jpg 600w\" sizes=\"(max-width: 640px) 100vw, 640px\" \/>\t\t\t\t\t\t\t\t\t\t\t\t\t\t\t<\/div>\n\t\t\t\t<\/div>\n\t\t\t\t\t<\/div>\n\t\t<\/div>\n\t\t\t\t\t<\/div>\n\t\t<\/section>\n\t\t\t\t<section class=\"elementor-section elementor-top-section elementor-element elementor-element-02626c8 elementor-section-boxed elementor-section-height-default elementor-section-height-default\" data-id=\"02626c8\" data-element_type=\"section\">\n\t\t\t\t\t\t<div class=\"elementor-container elementor-column-gap-default\">\n\t\t\t\t\t<div class=\"elementor-column elementor-col-50 elementor-top-column elementor-element elementor-element-4c8de3b\" data-id=\"4c8de3b\" data-element_type=\"column\">\n\t\t\t<div class=\"elementor-widget-wrap elementor-element-populated\">\n\t\t\t\t\t\t<div class=\"elementor-element elementor-element-9c0be70 e-transform elementor-invisible elementor-widget elementor-widget-image\" data-id=\"9c0be70\" data-element_type=\"widget\" data-settings=\"{&quot;_animation&quot;:&quot;fadeInLeft&quot;,&quot;_animation_delay&quot;:1400,&quot;_transform_rotateZ_effect&quot;:{&quot;unit&quot;:&quot;px&quot;,&quot;size&quot;:-11,&quot;sizes&quot;:[]},&quot;_transform_rotate_3d&quot;:&quot;yes&quot;,&quot;_transform_rotateX_effect&quot;:{&quot;unit&quot;:&quot;px&quot;,&quot;size&quot;:5,&quot;sizes&quot;:[]},&quot;_transform_rotateY_effect&quot;:{&quot;unit&quot;:&quot;px&quot;,&quot;size&quot;:33,&quot;sizes&quot;:[]},&quot;_transform_perspective_effect&quot;:{&quot;unit&quot;:&quot;px&quot;,&quot;size&quot;:871,&quot;sizes&quot;:[]},&quot;_transform_rotateZ_effect_tablet&quot;:{&quot;unit&quot;:&quot;deg&quot;,&quot;size&quot;:&quot;&quot;,&quot;sizes&quot;:[]},&quot;_transform_rotateZ_effect_mobile&quot;:{&quot;unit&quot;:&quot;deg&quot;,&quot;size&quot;:&quot;&quot;,&quot;sizes&quot;:[]},&quot;_transform_rotateX_effect_tablet&quot;:{&quot;unit&quot;:&quot;deg&quot;,&quot;size&quot;:&quot;&quot;,&quot;sizes&quot;:[]},&quot;_transform_rotateX_effect_mobile&quot;:{&quot;unit&quot;:&quot;deg&quot;,&quot;size&quot;:&quot;&quot;,&quot;sizes&quot;:[]},&quot;_transform_rotateY_effect_tablet&quot;:{&quot;unit&quot;:&quot;deg&quot;,&quot;size&quot;:&quot;&quot;,&quot;sizes&quot;:[]},&quot;_transform_rotateY_effect_mobile&quot;:{&quot;unit&quot;:&quot;deg&quot;,&quot;size&quot;:&quot;&quot;,&quot;sizes&quot;:[]},&quot;_transform_perspective_effect_tablet&quot;:{&quot;unit&quot;:&quot;px&quot;,&quot;size&quot;:&quot;&quot;,&quot;sizes&quot;:[]},&quot;_transform_perspective_effect_mobile&quot;:{&quot;unit&quot;:&quot;px&quot;,&quot;size&quot;:&quot;&quot;,&quot;sizes&quot;:[]}}\" data-widget_type=\"image.default\">\n\t\t\t\t<div class=\"elementor-widget-container\">\n\t\t\t\t\t\t\t\t\t\t\t\t\t\t\t<img decoding=\"async\" width=\"640\" height=\"427\" src=\"https:\/\/james-services.hr\/wp-content\/uploads\/2023\/03\/pillow-bed-1-1024x683.jpg\" class=\"attachment-large size-large wp-image-2528\" alt=\"\" srcset=\"https:\/\/james-services.hr\/wp-content\/uploads\/2023\/03\/pillow-bed-1-1024x683.jpg 1024w, https:\/\/james-services.hr\/wp-content\/uploads\/2023\/03\/pillow-bed-1-300x200.jpg 300w, https:\/\/james-services.hr\/wp-content\/uploads\/2023\/03\/pillow-bed-1-768x512.jpg 768w, https:\/\/james-services.hr\/wp-content\/uploads\/2023\/03\/pillow-bed-1-1536x1024.jpg 1536w, https:\/\/james-services.hr\/wp-content\/uploads\/2023\/03\/pillow-bed-1-2048x1365.jpg 2048w, https:\/\/james-services.hr\/wp-content\/uploads\/2023\/03\/pillow-bed-1-725x483.jpg 725w, https:\/\/james-services.hr\/wp-content\/uploads\/2023\/03\/pillow-bed-1-600x400.jpg 600w\" sizes=\"(max-width: 640px) 100vw, 640px\" \/>\t\t\t\t\t\t\t\t\t\t\t\t\t\t\t<\/div>\n\t\t\t\t<\/div>\n\t\t\t\t\t<\/div>\n\t\t<\/div>\n\t\t\t\t<div class=\"elementor-column elementor-col-50 elementor-top-column elementor-element elementor-element-a377041\" data-id=\"a377041\" data-element_type=\"column\">\n\t\t\t<div class=\"elementor-widget-wrap elementor-element-populated\">\n\t\t\t\t\t\t<div class=\"elementor-element elementor-element-e69248b elementor-invisible elementor-widget elementor-widget-heading\" data-id=\"e69248b\" data-element_type=\"widget\" data-settings=\"{&quot;_animation&quot;:&quot;fadeInRight&quot;,&quot;_animation_delay&quot;:1400}\" data-widget_type=\"heading.default\">\n\t\t\t\t<div class=\"elementor-widget-container\">\n\t\t\t\t\t<h2 class=\"elementor-heading-title elementor-size-default\">Luxury villas, hotels and apartments are our domain of business.<\/h2>\t\t\t\t<\/div>\n\t\t\t\t<\/div>\n\t\t\t\t\t<\/div>\n\t\t<\/div>\n\t\t\t\t\t<\/div>\n\t\t<\/section>\n\t\t\t\t<section class=\"elementor-section elementor-top-section elementor-element elementor-element-7e11c50 elementor-section-boxed elementor-section-height-default elementor-section-height-default\" data-id=\"7e11c50\" data-element_type=\"section\">\n\t\t\t\t\t\t<div class=\"elementor-container elementor-column-gap-default\">\n\t\t\t\t\t<div class=\"elementor-column elementor-col-100 elementor-top-column elementor-element elementor-element-90f73fd\" data-id=\"90f73fd\" data-element_type=\"column\">\n\t\t\t<div class=\"elementor-widget-wrap elementor-element-populated\">\n\t\t\t\t\t\t<section class=\"elementor-section elementor-inner-section elementor-element elementor-element-aa5fa79 elementor-section-boxed elementor-section-height-default elementor-section-height-default\" data-id=\"aa5fa79\" data-element_type=\"section\">\n\t\t\t\t\t\t<div class=\"elementor-container elementor-column-gap-default\">\n\t\t\t\t\t<div class=\"elementor-column elementor-col-50 elementor-inner-column elementor-element elementor-element-ae552ba\" data-id=\"ae552ba\" data-element_type=\"column\">\n\t\t\t<div class=\"elementor-widget-wrap\">\n\t\t\t\t\t\t\t<\/div>\n\t\t<\/div>\n\t\t\t\t<div class=\"elementor-column elementor-col-50 elementor-inner-column elementor-element elementor-element-e907c94\" data-id=\"e907c94\" data-element_type=\"column\">\n\t\t\t<div class=\"elementor-widget-wrap\">\n\t\t\t\t\t\t\t<\/div>\n\t\t<\/div>\n\t\t\t\t\t<\/div>\n\t\t<\/section>\n\t\t\t\t\t<\/div>\n\t\t<\/div>\n\t\t\t\t\t<\/div>\n\t\t<\/section>\n\t\t\t\t<\/div>","protected":false},"excerpt":{"rendered":"<p>Nudimo vam \u0161iroku paletu usluga profesionalnog \u010di\u0161\u0107enja: Redovno \u010di\u0161\u0107enje \u010ci\u0161\u0107enje ureda \u010ci\u0161\u0107enje stakla \u010ci\u0161\u0107enje lamela za prozore \u010ci\u0161\u0107enje stepeni\u0161ta Temeljno i posebno \u010di\u0161\u0107enje Njega tepiha i tekstila Prosje\u0107an broj odra\u0111enih poslova godi\u0161nje 0 Higijenske usluge \u010ci\u0161\u0107enje ambulante \u010ci\u0161\u0107enje ljekarne \u010ci\u0161\u0107enje fasada Njega vanjskih objekata Gra\u0111evinsko \u010di\u0161\u0107enje Generalno gra\u0111evinsko \u010di\u0161\u0107enje Posebnu pa\u017enju dajemo najsitnijim detaljima te [&hellip;]<\/p>","protected":false},"author":1,"featured_media":0,"parent":0,"menu_order":0,"comment_status":"closed","ping_status":"closed","template":"","meta":{"footnotes":""},"class_list":["post-1936","page","type-page","status-publish","hentry"],"yoast_head":"<!-- This site is optimized with the Yoast SEO plugin v26.4 - https:\/\/yoast.com\/wordpress\/plugins\/seo\/ -->\n<title>Usluge - James Services<\/title>\n<meta name=\"description\" content=\"Nudimo Vam \u0161iroku paletu usluga: Redovno \u010di\u0161\u0107enje, \u010ci\u0161\u0107enje ureda, \u010ci\u0161\u0107enje stakla, \u010ci\u0161\u0107enje lamela za prozore, \u010ci\u0161\u0107enje stepeni\u0161ta, Temeljno i posebno \u010di\u0161\u0107enje, Njega tepiha i tekstila\" \/>\n<meta name=\"robots\" content=\"index, follow, max-snippet:-1, max-image-preview:large, max-video-preview:-1\" \/>\n<link rel=\"canonical\" href=\"https:\/\/james-services.hr\/en\/usluge\/\" \/>\n<meta property=\"og:locale\" content=\"en_US\" \/>\n<meta property=\"og:type\" content=\"article\" \/>\n<meta property=\"og:title\" content=\"Usluge - James Services\" \/>\n<meta property=\"og:description\" content=\"Nudimo Vam \u0161iroku paletu usluga: Redovno \u010di\u0161\u0107enje, \u010ci\u0161\u0107enje ureda, \u010ci\u0161\u0107enje stakla, \u010ci\u0161\u0107enje lamela za prozore, \u010ci\u0161\u0107enje stepeni\u0161ta, Temeljno i posebno \u010di\u0161\u0107enje, Njega tepiha i tekstila\" \/>\n<meta property=\"og:url\" content=\"https:\/\/james-services.hr\/en\/usluge\/\" \/>\n<meta property=\"og:site_name\" content=\"James Services\" \/>\n<meta property=\"article:modified_time\" content=\"2025-09-21T18:02:07+00:00\" \/>\n<meta property=\"og:image\" content=\"https:\/\/james-services.hr\/wp-content\/uploads\/2023\/03\/closeup-unrecognizable-person-cleaning-door-handle-scaled.jpg\" \/>\n\t<meta property=\"og:image:width\" content=\"2560\" \/>\n\t<meta property=\"og:image:height\" content=\"1707\" \/>\n\t<meta property=\"og:image:type\" content=\"image\/jpeg\" \/>\n<meta name=\"twitter:card\" content=\"summary_large_image\" \/>\n<meta name=\"twitter:label1\" content=\"Est. reading time\" \/>\n\t<meta name=\"twitter:data1\" content=\"1 minute\" \/>\n<script type=\"application\/ld+json\" class=\"yoast-schema-graph\">{\"@context\":\"https:\/\/schema.org\",\"@graph\":[{\"@type\":\"WebPage\",\"@id\":\"https:\/\/james-services.hr\/usluge\/\",\"url\":\"https:\/\/james-services.hr\/usluge\/\",\"name\":\"Usluge - James Services\",\"isPartOf\":{\"@id\":\"https:\/\/james-services.hr\/#website\"},\"primaryImageOfPage\":{\"@id\":\"https:\/\/james-services.hr\/usluge\/#primaryimage\"},\"image\":{\"@id\":\"https:\/\/james-services.hr\/usluge\/#primaryimage\"},\"thumbnailUrl\":\"https:\/\/james-services.hr\/wp-content\/uploads\/2023\/03\/closeup-unrecognizable-person-cleaning-door-handle-768x512.jpg\",\"datePublished\":\"2023-01-11T16:15:48+00:00\",\"dateModified\":\"2025-09-21T18:02:07+00:00\",\"description\":\"Nudimo Vam \u0161iroku paletu usluga: Redovno \u010di\u0161\u0107enje, \u010ci\u0161\u0107enje ureda, \u010ci\u0161\u0107enje stakla, \u010ci\u0161\u0107enje lamela za prozore, \u010ci\u0161\u0107enje stepeni\u0161ta, Temeljno i posebno \u010di\u0161\u0107enje, Njega tepiha i tekstila\",\"breadcrumb\":{\"@id\":\"https:\/\/james-services.hr\/usluge\/#breadcrumb\"},\"inLanguage\":\"en-US\",\"potentialAction\":[{\"@type\":\"ReadAction\",\"target\":[\"https:\/\/james-services.hr\/usluge\/\"]}]},{\"@type\":\"ImageObject\",\"inLanguage\":\"en-US\",\"@id\":\"https:\/\/james-services.hr\/usluge\/#primaryimage\",\"url\":\"https:\/\/james-services.hr\/wp-content\/uploads\/2023\/03\/closeup-unrecognizable-person-cleaning-door-handle-768x512.jpg\",\"contentUrl\":\"https:\/\/james-services.hr\/wp-content\/uploads\/2023\/03\/closeup-unrecognizable-person-cleaning-door-handle-768x512.jpg\"},{\"@type\":\"BreadcrumbList\",\"@id\":\"https:\/\/james-services.hr\/usluge\/#breadcrumb\",\"itemListElement\":[{\"@type\":\"ListItem\",\"position\":1,\"name\":\"Home\",\"item\":\"https:\/\/james-services.hr\/\"},{\"@type\":\"ListItem\",\"position\":2,\"name\":\"Usluge\"}]},{\"@type\":\"WebSite\",\"@id\":\"https:\/\/james-services.hr\/#website\",\"url\":\"https:\/\/james-services.hr\/\",\"name\":\"James Services\",\"description\":\"James Services\",\"publisher\":{\"@id\":\"https:\/\/james-services.hr\/#organization\"},\"potentialAction\":[{\"@type\":\"SearchAction\",\"target\":{\"@type\":\"EntryPoint\",\"urlTemplate\":\"https:\/\/james-services.hr\/?s={search_term_string}\"},\"query-input\":{\"@type\":\"PropertyValueSpecification\",\"valueRequired\":true,\"valueName\":\"search_term_string\"}}],\"inLanguage\":\"en-US\"},{\"@type\":\"Organization\",\"@id\":\"https:\/\/james-services.hr\/#organization\",\"name\":\"James Services\",\"url\":\"https:\/\/james-services.hr\/\",\"logo\":{\"@type\":\"ImageObject\",\"inLanguage\":\"en-US\",\"@id\":\"https:\/\/james-services.hr\/#\/schema\/logo\/image\/\",\"url\":\"https:\/\/james-services.hr\/wp-content\/uploads\/2023\/01\/Combo-1@300x.png\",\"contentUrl\":\"https:\/\/james-services.hr\/wp-content\/uploads\/2023\/01\/Combo-1@300x.png\",\"width\":1042,\"height\":626,\"caption\":\"James Services\"},\"image\":{\"@id\":\"https:\/\/james-services.hr\/#\/schema\/logo\/image\/\"}}]}<\/script>\n<!-- \/ Yoast SEO plugin. -->","yoast_head_json":{"title":"Usluge - James Services","description":"Nudimo Vam \u0161iroku paletu usluga: Redovno \u010di\u0161\u0107enje, \u010ci\u0161\u0107enje ureda, \u010ci\u0161\u0107enje stakla, \u010ci\u0161\u0107enje lamela za prozore, \u010ci\u0161\u0107enje stepeni\u0161ta, Temeljno i posebno \u010di\u0161\u0107enje, Njega tepiha i tekstila","robots":{"index":"index","follow":"follow","max-snippet":"max-snippet:-1","max-image-preview":"max-image-preview:large","max-video-preview":"max-video-preview:-1"},"canonical":"https:\/\/james-services.hr\/en\/usluge\/","og_locale":"en_US","og_type":"article","og_title":"Usluge - James Services","og_description":"Nudimo Vam \u0161iroku paletu usluga: Redovno \u010di\u0161\u0107enje, \u010ci\u0161\u0107enje ureda, \u010ci\u0161\u0107enje stakla, \u010ci\u0161\u0107enje lamela za prozore, \u010ci\u0161\u0107enje stepeni\u0161ta, Temeljno i posebno \u010di\u0161\u0107enje, Njega tepiha i tekstila","og_url":"https:\/\/james-services.hr\/en\/usluge\/","og_site_name":"James Services","article_modified_time":"2025-09-21T18:02:07+00:00","og_image":[{"width":2560,"height":1707,"url":"https:\/\/james-services.hr\/wp-content\/uploads\/2023\/03\/closeup-unrecognizable-person-cleaning-door-handle-scaled.jpg","type":"image\/jpeg"}],"twitter_card":"summary_large_image","twitter_misc":{"Est. reading time":"1 minute"},"schema":{"@context":"https:\/\/schema.org","@graph":[{"@type":"WebPage","@id":"https:\/\/james-services.hr\/usluge\/","url":"https:\/\/james-services.hr\/usluge\/","name":"Usluge - James Services","isPartOf":{"@id":"https:\/\/james-services.hr\/#website"},"primaryImageOfPage":{"@id":"https:\/\/james-services.hr\/usluge\/#primaryimage"},"image":{"@id":"https:\/\/james-services.hr\/usluge\/#primaryimage"},"thumbnailUrl":"https:\/\/james-services.hr\/wp-content\/uploads\/2023\/03\/closeup-unrecognizable-person-cleaning-door-handle-768x512.jpg","datePublished":"2023-01-11T16:15:48+00:00","dateModified":"2025-09-21T18:02:07+00:00","description":"Nudimo Vam \u0161iroku paletu usluga: Redovno \u010di\u0161\u0107enje, \u010ci\u0161\u0107enje ureda, \u010ci\u0161\u0107enje stakla, \u010ci\u0161\u0107enje lamela za prozore, \u010ci\u0161\u0107enje stepeni\u0161ta, Temeljno i posebno \u010di\u0161\u0107enje, Njega tepiha i tekstila","breadcrumb":{"@id":"https:\/\/james-services.hr\/usluge\/#breadcrumb"},"inLanguage":"en-US","potentialAction":[{"@type":"ReadAction","target":["https:\/\/james-services.hr\/usluge\/"]}]},{"@type":"ImageObject","inLanguage":"en-US","@id":"https:\/\/james-services.hr\/usluge\/#primaryimage","url":"https:\/\/james-services.hr\/wp-content\/uploads\/2023\/03\/closeup-unrecognizable-person-cleaning-door-handle-768x512.jpg","contentUrl":"https:\/\/james-services.hr\/wp-content\/uploads\/2023\/03\/closeup-unrecognizable-person-cleaning-door-handle-768x512.jpg"},{"@type":"BreadcrumbList","@id":"https:\/\/james-services.hr\/usluge\/#breadcrumb","itemListElement":[{"@type":"ListItem","position":1,"name":"Home","item":"https:\/\/james-services.hr\/"},{"@type":"ListItem","position":2,"name":"Usluge"}]},{"@type":"WebSite","@id":"https:\/\/james-services.hr\/#website","url":"https:\/\/james-services.hr\/","name":"James Services","description":"James Services","publisher":{"@id":"https:\/\/james-services.hr\/#organization"},"potentialAction":[{"@type":"SearchAction","target":{"@type":"EntryPoint","urlTemplate":"https:\/\/james-services.hr\/?s={search_term_string}"},"query-input":{"@type":"PropertyValueSpecification","valueRequired":true,"valueName":"search_term_string"}}],"inLanguage":"en-US"},{"@type":"Organization","@id":"https:\/\/james-services.hr\/#organization","name":"James Services","url":"https:\/\/james-services.hr\/","logo":{"@type":"ImageObject","inLanguage":"en-US","@id":"https:\/\/james-services.hr\/#\/schema\/logo\/image\/","url":"https:\/\/james-services.hr\/wp-content\/uploads\/2023\/01\/Combo-1@300x.png","contentUrl":"https:\/\/james-services.hr\/wp-content\/uploads\/2023\/01\/Combo-1@300x.png","width":1042,"height":626,"caption":"James Services"},"image":{"@id":"https:\/\/james-services.hr\/#\/schema\/logo\/image\/"}}]}},"_links":{"self":[{"href":"https:\/\/james-services.hr\/en\/wp-json\/wp\/v2\/pages\/1936","targetHints":{"allow":["GET"]}}],"collection":[{"href":"https:\/\/james-services.hr\/en\/wp-json\/wp\/v2\/pages"}],"about":[{"href":"https:\/\/james-services.hr\/en\/wp-json\/wp\/v2\/types\/page"}],"author":[{"embeddable":true,"href":"https:\/\/james-services.hr\/en\/wp-json\/wp\/v2\/users\/1"}],"replies":[{"embeddable":true,"href":"https:\/\/james-services.hr\/en\/wp-json\/wp\/v2\/comments?post=1936"}],"version-history":[{"count":125,"href":"https:\/\/james-services.hr\/en\/wp-json\/wp\/v2\/pages\/1936\/revisions"}],"predecessor-version":[{"id":2664,"href":"https:\/\/james-services.hr\/en\/wp-json\/wp\/v2\/pages\/1936\/revisions\/2664"}],"wp:attachment":[{"href":"https:\/\/james-services.hr\/en\/wp-json\/wp\/v2\/media?parent=1936"}],"curies":[{"name":"wp","href":"https:\/\/api.w.org\/{rel}","templated":true}]}}