{"id":1841,"date":"2023-01-11T07:59:08","date_gmt":"2023-01-11T07:59:08","guid":{"rendered":"https:\/\/james-services.hr\/?page_id=1841"},"modified":"2023-06-12T07:23:08","modified_gmt":"2023-06-12T07:23:08","slug":"o-nama","status":"publish","type":"page","link":"https:\/\/james-services.hr\/en\/o-nama\/","title":{"rendered":"About Us"},"content":{"rendered":"<div data-elementor-type=\"wp-page\" data-elementor-id=\"1841\" class=\"elementor elementor-1841\" data-elementor-post-type=\"page\">\n\t\t\t\t\t\t<section class=\"elementor-section elementor-top-section elementor-element elementor-element-3ac2907 elementor-section-boxed elementor-section-height-default elementor-section-height-default\" data-id=\"3ac2907\" data-element_type=\"section\">\n\t\t\t\t\t\t<div class=\"elementor-container elementor-column-gap-default\">\n\t\t\t\t\t<div class=\"elementor-column elementor-col-100 elementor-top-column elementor-element elementor-element-399fe8b\" data-id=\"399fe8b\" data-element_type=\"column\">\n\t\t\t<div class=\"elementor-widget-wrap elementor-element-populated\">\n\t\t\t\t\t\t<div class=\"elementor-element elementor-element-634d2e7 elementor-hidden-mobile elementor-widget elementor-widget-image\" data-id=\"634d2e7\" data-element_type=\"widget\" data-widget_type=\"image.default\">\n\t\t\t\t<div class=\"elementor-widget-container\">\n\t\t\t\t\t\t\t\t\t\t\t\t\t\t\t<img fetchpriority=\"high\" decoding=\"async\" width=\"600\" height=\"360\" src=\"https:\/\/james-services.hr\/wp-content\/uploads\/2023\/01\/Combo-2@300x-600x360.png\" class=\"attachment-woocommerce_single size-woocommerce_single wp-image-2546\" alt=\"\" srcset=\"https:\/\/james-services.hr\/wp-content\/uploads\/2023\/01\/Combo-2@300x-600x360.png 600w, https:\/\/james-services.hr\/wp-content\/uploads\/2023\/01\/Combo-2@300x-300x180.png 300w, https:\/\/james-services.hr\/wp-content\/uploads\/2023\/01\/Combo-2@300x-1024x615.png 1024w, https:\/\/james-services.hr\/wp-content\/uploads\/2023\/01\/Combo-2@300x-768x461.png 768w, https:\/\/james-services.hr\/wp-content\/uploads\/2023\/01\/Combo-2@300x-804x483.png 804w, https:\/\/james-services.hr\/wp-content\/uploads\/2023\/01\/Combo-2@300x.png 1042w\" sizes=\"(max-width: 600px) 100vw, 600px\" \/>\t\t\t\t\t\t\t\t\t\t\t\t\t\t\t<\/div>\n\t\t\t\t<\/div>\n\t\t\t\t<div class=\"elementor-element elementor-element-eff825e elementor-widget elementor-widget-heading\" data-id=\"eff825e\" data-element_type=\"widget\" data-widget_type=\"heading.default\">\n\t\t\t\t<div class=\"elementor-widget-container\">\n\t\t\t\t\t<h2 class=\"elementor-heading-title elementor-size-large\">Our professional experience in Germany distinguishes our quality, accuracy and reliability that we want to offer our business partners in Croatia.<br><br>I, Kornelia \u017deri\u0107, as the owner and director of James Services d.o.o. can guarantee the services provided through my professional experience and education.\nStarting as a clerk in a hotel, my path led me to set up the VIP department in what is now the University Hospital in Augsburg. <br><br>Through my diligent work, I introduced changes in the hospital department and managed the hospital renovation and modernization project, gaining experience and knowledge that I can apply to all aspects of business management<br><br>\nMany years of managerial experience in the luxury segment of the hotel industry and more than 17 years of work in the hospital\/health sector (Hospital Augsburg and Klinikum Bonn), managerial responsibility in the VIP department of today's University Hospital Augsburg and management of conversions and extensions.\n\n<\/h2>\t\t\t\t<\/div>\n\t\t\t\t<\/div>\n\t\t\t\t\t<\/div>\n\t\t<\/div>\n\t\t\t\t\t<\/div>\n\t\t<\/section>\n\t\t\t\t<section class=\"elementor-section elementor-top-section elementor-element elementor-element-4b65045 elementor-section-boxed elementor-section-height-default elementor-section-height-default\" data-id=\"4b65045\" data-element_type=\"section\">\n\t\t\t\t\t\t<div class=\"elementor-container elementor-column-gap-default\">\n\t\t\t\t\t<div class=\"elementor-column elementor-col-50 elementor-top-column elementor-element elementor-element-522e491\" data-id=\"522e491\" data-element_type=\"column\">\n\t\t\t<div class=\"elementor-widget-wrap elementor-element-populated\">\n\t\t\t\t\t\t<div class=\"elementor-element elementor-element-b560869 elementor-widget elementor-widget-heading\" data-id=\"b560869\" data-element_type=\"widget\" data-widget_type=\"heading.default\">\n\t\t\t\t<div class=\"elementor-widget-container\">\n\t\t\t\t\t<h2 class=\"elementor-heading-title elementor-size-large\">Business stations:<\/h2>\t\t\t\t<\/div>\n\t\t\t\t<\/div>\n\t\t\t\t\t<\/div>\n\t\t<\/div>\n\t\t\t\t<div class=\"elementor-column elementor-col-50 elementor-top-column elementor-element elementor-element-cf9c42d\" data-id=\"cf9c42d\" data-element_type=\"column\">\n\t\t\t<div class=\"elementor-widget-wrap elementor-element-populated\">\n\t\t\t\t\t\t<div class=\"elementor-element elementor-element-d9278f5 elementor-widget elementor-widget-text-editor\" data-id=\"d9278f5\" data-element_type=\"widget\" data-widget_type=\"text-editor.default\">\n\t\t\t\t<div class=\"elementor-widget-container\">\n\t\t\t\t\t\t\t\t\t<p style=\"text-align: left;\">UNIVERSITY HOSPITAL BONN<\/p><p>UNIVERSITY HOSPITAL AUGSBURG<\/p><p>STEIGENBERGER THREE MOHREN AUGSBURG<\/p><p>MARRIOTT HOTEL MUNICH<\/p><p>CRUISE MS EUROPE<\/p><p>INSELGASTSTAETTEN GMBH IN LINDAU<\/p>\t\t\t\t\t\t\t\t<\/div>\n\t\t\t\t<\/div>\n\t\t\t\t\t<\/div>\n\t\t<\/div>\n\t\t\t\t\t<\/div>\n\t\t<\/section>\n\t\t\t\t<section class=\"elementor-section elementor-top-section elementor-element elementor-element-58903c1 elementor-section-boxed elementor-section-height-default elementor-section-height-default\" data-id=\"58903c1\" data-element_type=\"section\">\n\t\t\t\t\t\t<div class=\"elementor-container elementor-column-gap-default\">\n\t\t\t\t\t<div class=\"elementor-column elementor-col-100 elementor-top-column elementor-element elementor-element-bc7dd0f\" data-id=\"bc7dd0f\" data-element_type=\"column\">\n\t\t\t<div class=\"elementor-widget-wrap elementor-element-populated\">\n\t\t\t\t\t\t<div class=\"elementor-element elementor-element-d2cae80 elementor-widget elementor-widget-cleaning_icon_hor\" data-id=\"d2cae80\" data-element_type=\"widget\" data-widget_type=\"cleaning_icon_hor.default\">\n\t\t\t\t<div class=\"elementor-widget-container\">\n\t\t\t\t\t \n        <div class=\"block\">\n            <div class=\"container\">\n                <div class=\"row\">\n                     \n                        <div class=\"col-sm-6 col-xs-12\">\n                                                            <div class=\"text-icon-hor\">\n                                    <div class=\"text-icon-hor-icon\">\n                                        <i aria-hidden=\"true\" class=\"icon  icon-target-lined\"><\/i>                                    <\/div>\n                                    <div class=\"text-icon-hor-text\">\n                                        <h3>Our Mission<\/h3>\n                                        <p align=\"justify\">\nOur mission is to ensure the quality of the highest standard of cleanliness, which we achieve using the most modern tools and knowledge that we improve every day.                                     <\/div>\n                                <\/div>\n                                                    <\/div>  \n                        <div class=\"col-sm-6 col-xs-12\">\n                                                            <div class=\"text-icon-hor\">\n                                    <div class=\"text-icon-hor-icon\">\n                                        <i aria-hidden=\"true\" class=\"icon  icon-brush-lined\"><\/i>                                    <\/div>\n                                    <div class=\"text-icon-hor-text\">\n                                        <h3>Our Vision<\/h3>\n                                        <p align=\"justify\">\nOur vision is to achieve the highest quality standard of cleanliness in all business and private facilities.\n                                                               <\/div>\n                                <\/div>\n                                                    <\/div>                 <\/div>\n            <\/div>\n        <\/div>\n\t\t\t\t<\/div>\n\t\t\t\t<\/div>\n\t\t\t\t<div class=\"elementor-element elementor-element-72bbdbe elementor-widget elementor-widget-heading\" data-id=\"72bbdbe\" data-element_type=\"widget\" data-widget_type=\"heading.default\">\n\t\t\t\t<div class=\"elementor-widget-container\">\n\t\t\t\t\t<h1 class=\"elementor-heading-title elementor-size-default\">Kornelia \u017deri\u0107<\/h1>\t\t\t\t<\/div>\n\t\t\t\t<\/div>\n\t\t\t\t\t<\/div>\n\t\t<\/div>\n\t\t\t\t\t<\/div>\n\t\t<\/section>\n\t\t\t\t<section class=\"elementor-section elementor-top-section elementor-element elementor-element-22aa85b elementor-section-boxed elementor-section-height-default elementor-section-height-default\" data-id=\"22aa85b\" data-element_type=\"section\">\n\t\t\t\t\t\t<div class=\"elementor-container elementor-column-gap-default\">\n\t\t\t\t\t<div class=\"elementor-column elementor-col-100 elementor-top-column elementor-element elementor-element-800c1b4\" data-id=\"800c1b4\" data-element_type=\"column\">\n\t\t\t<div class=\"elementor-widget-wrap elementor-element-populated\">\n\t\t\t\t\t\t<div class=\"elementor-element elementor-element-88d7934 elementor-widget elementor-widget-heading\" data-id=\"88d7934\" data-element_type=\"widget\" data-widget_type=\"heading.default\">\n\t\t\t\t<div class=\"elementor-widget-container\">\n\t\t\t\t\t<h2 class=\"elementor-heading-title elementor-size-default\">Owner and Director<\/h2>\t\t\t\t<\/div>\n\t\t\t\t<\/div>\n\t\t\t\t\t<\/div>\n\t\t<\/div>\n\t\t\t\t\t<\/div>\n\t\t<\/section>\n\t\t\t\t<section class=\"elementor-section elementor-top-section elementor-element elementor-element-68abea4 elementor-section-boxed elementor-section-height-default elementor-section-height-default\" data-id=\"68abea4\" data-element_type=\"section\">\n\t\t\t\t\t\t<div class=\"elementor-container elementor-column-gap-default\">\n\t\t\t\t\t<div class=\"elementor-column elementor-col-100 elementor-top-column elementor-element elementor-element-655613a\" data-id=\"655613a\" data-element_type=\"column\">\n\t\t\t<div class=\"elementor-widget-wrap elementor-element-populated\">\n\t\t\t\t\t\t<div class=\"elementor-element elementor-element-66925bc elementor-widget elementor-widget-heading\" data-id=\"66925bc\" data-element_type=\"widget\" data-widget_type=\"heading.default\">\n\t\t\t\t<div class=\"elementor-widget-container\">\n\t\t\t\t\t<h2 class=\"elementor-heading-title elementor-size-default\">Bachelor of arts in Business Administration<\/h2>\t\t\t\t<\/div>\n\t\t\t\t<\/div>\n\t\t\t\t\t<\/div>\n\t\t<\/div>\n\t\t\t\t\t<\/div>\n\t\t<\/section>\n\t\t\t\t<section class=\"elementor-section elementor-top-section elementor-element elementor-element-f1e3843 elementor-section-boxed elementor-section-height-default elementor-section-height-default\" data-id=\"f1e3843\" data-element_type=\"section\">\n\t\t\t\t\t\t<div class=\"elementor-container elementor-column-gap-default\">\n\t\t\t\t\t<div class=\"elementor-column elementor-col-100 elementor-top-column elementor-element elementor-element-5ca2179\" data-id=\"5ca2179\" data-element_type=\"column\">\n\t\t\t<div class=\"elementor-widget-wrap\">\n\t\t\t\t\t\t\t<\/div>\n\t\t<\/div>\n\t\t\t\t\t<\/div>\n\t\t<\/section>\n\t\t\t\t<\/div>","protected":false},"excerpt":{"rendered":"<p>Na\u0161e cjelo\u017eivotno i profesionalno iskustvo u Njema\u010dkoj karakterizira na\u0161u kvalitetu, to\u010dnost i pouzdanost koju \u017eelimo ponuditi na\u0161im poslovnim partnerima u Hrvatskoj. Ja Kornelia \u017deri\u0107, kao vlasnica i direktorica James Services d.o.o. mogu kroz svoje profesionalno iskustvo i \u0161kolovanje garantirati za provedene Usluge. Po\u010dev\u0161i kao slu\u017ebenica u hotelu, napredovala sam do osnivanja VIP odjela u dana\u0161njoj [&hellip;]<\/p>","protected":false},"author":1,"featured_media":0,"parent":0,"menu_order":0,"comment_status":"closed","ping_status":"closed","template":"","meta":{"footnotes":""},"class_list":["post-1841","page","type-page","status-publish","hentry"],"yoast_head":"<!-- This site is optimized with the Yoast SEO plugin v26.4 - https:\/\/yoast.com\/wordpress\/plugins\/seo\/ -->\n<title>O nama - James Services<\/title>\n<meta name=\"description\" content=\"Na\u0161e cjelo\u017eivotno i profesionalno iskustvo u Njema\u010dkoj karakterizira na\u0161u kvalitetu, to\u010dnost i pouzdanost koju \u017eelimo ponuditi na\u0161im poslovnim partnerima u Hrvatskoj.\" \/>\n<meta name=\"robots\" content=\"index, follow, max-snippet:-1, max-image-preview:large, max-video-preview:-1\" \/>\n<link rel=\"canonical\" href=\"https:\/\/james-services.hr\/en\/o-nama\/\" \/>\n<meta property=\"og:locale\" content=\"en_US\" \/>\n<meta property=\"og:type\" content=\"article\" \/>\n<meta property=\"og:title\" content=\"O nama - James Services\" \/>\n<meta property=\"og:description\" content=\"Na\u0161e cjelo\u017eivotno i profesionalno iskustvo u Njema\u010dkoj karakterizira na\u0161u kvalitetu, to\u010dnost i pouzdanost koju \u017eelimo ponuditi na\u0161im poslovnim partnerima u Hrvatskoj.\" \/>\n<meta property=\"og:url\" content=\"https:\/\/james-services.hr\/en\/o-nama\/\" \/>\n<meta property=\"og:site_name\" content=\"James Services\" \/>\n<meta property=\"article:modified_time\" content=\"2023-06-12T07:23:08+00:00\" \/>\n<meta property=\"og:image\" content=\"https:\/\/james-services.hr\/wp-content\/uploads\/2023\/01\/Combo-2@300x-600x360.png\" \/>\n<meta name=\"twitter:card\" content=\"summary_large_image\" \/>\n<meta name=\"twitter:label1\" content=\"Est. reading time\" \/>\n\t<meta name=\"twitter:data1\" content=\"2 minutes\" \/>\n<script type=\"application\/ld+json\" class=\"yoast-schema-graph\">{\"@context\":\"https:\/\/schema.org\",\"@graph\":[{\"@type\":\"WebPage\",\"@id\":\"https:\/\/james-services.hr\/o-nama\/\",\"url\":\"https:\/\/james-services.hr\/o-nama\/\",\"name\":\"O nama - James Services\",\"isPartOf\":{\"@id\":\"https:\/\/james-services.hr\/#website\"},\"primaryImageOfPage\":{\"@id\":\"https:\/\/james-services.hr\/o-nama\/#primaryimage\"},\"image\":{\"@id\":\"https:\/\/james-services.hr\/o-nama\/#primaryimage\"},\"thumbnailUrl\":\"https:\/\/james-services.hr\/wp-content\/uploads\/2023\/01\/Combo-2@300x-600x360.png\",\"datePublished\":\"2023-01-11T07:59:08+00:00\",\"dateModified\":\"2023-06-12T07:23:08+00:00\",\"description\":\"Na\u0161e cjelo\u017eivotno i profesionalno iskustvo u Njema\u010dkoj karakterizira na\u0161u kvalitetu, to\u010dnost i pouzdanost koju \u017eelimo ponuditi na\u0161im poslovnim partnerima u Hrvatskoj.\",\"breadcrumb\":{\"@id\":\"https:\/\/james-services.hr\/o-nama\/#breadcrumb\"},\"inLanguage\":\"en-US\",\"potentialAction\":[{\"@type\":\"ReadAction\",\"target\":[\"https:\/\/james-services.hr\/o-nama\/\"]}]},{\"@type\":\"ImageObject\",\"inLanguage\":\"en-US\",\"@id\":\"https:\/\/james-services.hr\/o-nama\/#primaryimage\",\"url\":\"https:\/\/james-services.hr\/wp-content\/uploads\/2023\/01\/Combo-2@300x-600x360.png\",\"contentUrl\":\"https:\/\/james-services.hr\/wp-content\/uploads\/2023\/01\/Combo-2@300x-600x360.png\"},{\"@type\":\"BreadcrumbList\",\"@id\":\"https:\/\/james-services.hr\/o-nama\/#breadcrumb\",\"itemListElement\":[{\"@type\":\"ListItem\",\"position\":1,\"name\":\"Home\",\"item\":\"https:\/\/james-services.hr\/\"},{\"@type\":\"ListItem\",\"position\":2,\"name\":\"O nama\"}]},{\"@type\":\"WebSite\",\"@id\":\"https:\/\/james-services.hr\/#website\",\"url\":\"https:\/\/james-services.hr\/\",\"name\":\"James Services\",\"description\":\"James Services\",\"publisher\":{\"@id\":\"https:\/\/james-services.hr\/#organization\"},\"potentialAction\":[{\"@type\":\"SearchAction\",\"target\":{\"@type\":\"EntryPoint\",\"urlTemplate\":\"https:\/\/james-services.hr\/?s={search_term_string}\"},\"query-input\":{\"@type\":\"PropertyValueSpecification\",\"valueRequired\":true,\"valueName\":\"search_term_string\"}}],\"inLanguage\":\"en-US\"},{\"@type\":\"Organization\",\"@id\":\"https:\/\/james-services.hr\/#organization\",\"name\":\"James Services\",\"url\":\"https:\/\/james-services.hr\/\",\"logo\":{\"@type\":\"ImageObject\",\"inLanguage\":\"en-US\",\"@id\":\"https:\/\/james-services.hr\/#\/schema\/logo\/image\/\",\"url\":\"https:\/\/james-services.hr\/wp-content\/uploads\/2023\/01\/Combo-1@300x.png\",\"contentUrl\":\"https:\/\/james-services.hr\/wp-content\/uploads\/2023\/01\/Combo-1@300x.png\",\"width\":1042,\"height\":626,\"caption\":\"James Services\"},\"image\":{\"@id\":\"https:\/\/james-services.hr\/#\/schema\/logo\/image\/\"}}]}<\/script>\n<!-- \/ Yoast SEO plugin. -->","yoast_head_json":{"title":"O nama - James Services","description":"Our professional experience in Germany distinguishes our quality, accuracy and reliability that we want to offer our business partners in Croatia.","robots":{"index":"index","follow":"follow","max-snippet":"max-snippet:-1","max-image-preview":"max-image-preview:large","max-video-preview":"max-video-preview:-1"},"canonical":"https:\/\/james-services.hr\/en\/o-nama\/","og_locale":"en_US","og_type":"article","og_title":"O nama - James Services","og_description":"Na\u0161e cjelo\u017eivotno i profesionalno iskustvo u Njema\u010dkoj karakterizira na\u0161u kvalitetu, to\u010dnost i pouzdanost koju \u017eelimo ponuditi na\u0161im poslovnim partnerima u Hrvatskoj.","og_url":"https:\/\/james-services.hr\/en\/o-nama\/","og_site_name":"James Services","article_modified_time":"2023-06-12T07:23:08+00:00","og_image":[{"url":"https:\/\/james-services.hr\/wp-content\/uploads\/2023\/01\/Combo-2@300x-600x360.png","type":"","width":"","height":""}],"twitter_card":"summary_large_image","twitter_misc":{"Est. reading time":"2 minutes"},"schema":{"@context":"https:\/\/schema.org","@graph":[{"@type":"WebPage","@id":"https:\/\/james-services.hr\/o-nama\/","url":"https:\/\/james-services.hr\/o-nama\/","name":"O nama - James Services","isPartOf":{"@id":"https:\/\/james-services.hr\/#website"},"primaryImageOfPage":{"@id":"https:\/\/james-services.hr\/o-nama\/#primaryimage"},"image":{"@id":"https:\/\/james-services.hr\/o-nama\/#primaryimage"},"thumbnailUrl":"https:\/\/james-services.hr\/wp-content\/uploads\/2023\/01\/Combo-2@300x-600x360.png","datePublished":"2023-01-11T07:59:08+00:00","dateModified":"2023-06-12T07:23:08+00:00","description":"Our professional experience in Germany distinguishes our quality, accuracy and reliability that we want to offer our business partners in Croatia.","breadcrumb":{"@id":"https:\/\/james-services.hr\/o-nama\/#breadcrumb"},"inLanguage":"en-US","potentialAction":[{"@type":"ReadAction","target":["https:\/\/james-services.hr\/o-nama\/"]}]},{"@type":"ImageObject","inLanguage":"en-US","@id":"https:\/\/james-services.hr\/o-nama\/#primaryimage","url":"https:\/\/james-services.hr\/wp-content\/uploads\/2023\/01\/Combo-2@300x-600x360.png","contentUrl":"https:\/\/james-services.hr\/wp-content\/uploads\/2023\/01\/Combo-2@300x-600x360.png"},{"@type":"BreadcrumbList","@id":"https:\/\/james-services.hr\/o-nama\/#breadcrumb","itemListElement":[{"@type":"ListItem","position":1,"name":"Home","item":"https:\/\/james-services.hr\/"},{"@type":"ListItem","position":2,"name":"O nama"}]},{"@type":"WebSite","@id":"https:\/\/james-services.hr\/#website","url":"https:\/\/james-services.hr\/","name":"James Services","description":"James Services","publisher":{"@id":"https:\/\/james-services.hr\/#organization"},"potentialAction":[{"@type":"SearchAction","target":{"@type":"EntryPoint","urlTemplate":"https:\/\/james-services.hr\/?s={search_term_string}"},"query-input":{"@type":"PropertyValueSpecification","valueRequired":true,"valueName":"search_term_string"}}],"inLanguage":"en-US"},{"@type":"Organization","@id":"https:\/\/james-services.hr\/#organization","name":"James Services","url":"https:\/\/james-services.hr\/","logo":{"@type":"ImageObject","inLanguage":"en-US","@id":"https:\/\/james-services.hr\/#\/schema\/logo\/image\/","url":"https:\/\/james-services.hr\/wp-content\/uploads\/2023\/01\/Combo-1@300x.png","contentUrl":"https:\/\/james-services.hr\/wp-content\/uploads\/2023\/01\/Combo-1@300x.png","width":1042,"height":626,"caption":"James Services"},"image":{"@id":"https:\/\/james-services.hr\/#\/schema\/logo\/image\/"}}]}},"_links":{"self":[{"href":"https:\/\/james-services.hr\/en\/wp-json\/wp\/v2\/pages\/1841","targetHints":{"allow":["GET"]}}],"collection":[{"href":"https:\/\/james-services.hr\/en\/wp-json\/wp\/v2\/pages"}],"about":[{"href":"https:\/\/james-services.hr\/en\/wp-json\/wp\/v2\/types\/page"}],"author":[{"embeddable":true,"href":"https:\/\/james-services.hr\/en\/wp-json\/wp\/v2\/users\/1"}],"replies":[{"embeddable":true,"href":"https:\/\/james-services.hr\/en\/wp-json\/wp\/v2\/comments?post=1841"}],"version-history":[{"count":77,"href":"https:\/\/james-services.hr\/en\/wp-json\/wp\/v2\/pages\/1841\/revisions"}],"predecessor-version":[{"id":2627,"href":"https:\/\/james-services.hr\/en\/wp-json\/wp\/v2\/pages\/1841\/revisions\/2627"}],"wp:attachment":[{"href":"https:\/\/james-services.hr\/en\/wp-json\/wp\/v2\/media?parent=1841"}],"curies":[{"name":"wp","href":"https:\/\/api.w.org\/{rel}","templated":true}]}}